{"id":1283,"date":"2025-05-12T07:14:54","date_gmt":"2025-05-12T07:14:54","guid":{"rendered":"https:\/\/mae.fabricomiweb.es\/?page_id=1283"},"modified":"2025-05-23T11:18:40","modified_gmt":"2025-05-23T11:18:40","slug":"manifiesto-2","status":"publish","type":"page","link":"https:\/\/mae.fabricomiweb.com\/index.php\/manifiesto-2\/","title":{"rendered":"Manifiesto 2 | Cr\u00edticas de arte"},"content":{"rendered":"\t\t<div data-elementor-type=\"wp-post\" data-elementor-id=\"1283\" class=\"elementor elementor-1283\">\n\t\t\t\t<div class=\"elementor-element elementor-element-bed527e e-flex e-con-boxed e-con e-parent\" data-id=\"bed527e\" data-element_type=\"container\">\n\t\t\t\t\t<div class=\"e-con-inner\">\n\t\t<div class=\"elementor-element elementor-element-d33249d e-con-full e-flex e-con e-child\" data-id=\"d33249d\" data-element_type=\"container\">\n\t\t<div class=\"elementor-element elementor-element-1ea2ad0 e-con-full e-flex e-con e-child\" data-id=\"1ea2ad0\" data-element_type=\"container\">\n\t\t\t\t<div class=\"elementor-element elementor-element-2f1f56e otros-manifiestos-enlaces elementor-widget elementor-widget-text-editor\" data-id=\"2f1f56e\" data-element_type=\"widget\" data-widget_type=\"text-editor.default\">\n\t\t\t\t<div class=\"elementor-widget-container\">\n\t\t\t\t\t\t\t\t\t<p style=\"text-align: right;\"><a href=\"https:\/\/mae.fabricomiweb.com\/index.php\/manifiestos\/\"><strong><span style=\"color: #000000;\">Volver<\/span><\/strong><span style=\"color: #808080;\">atr\u00e1s<\/span> <span style=\"color: #ff9900;\">\/<\/span><\/a><\/p>\t\t\t\t\t\t\t\t<\/div>\n\t\t\t\t<\/div>\n\t\t\t\t<\/div>\n\t\t<div class=\"elementor-element elementor-element-4d94e92 e-con-full e-flex e-con e-child\" data-id=\"4d94e92\" data-element_type=\"container\">\n\t\t<div class=\"elementor-element elementor-element-eded8d0 e-con-full e-flex e-con e-child\" data-id=\"eded8d0\" data-element_type=\"container\">\n\t\t\t\t<div class=\"elementor-element elementor-element-ee47a6a elementor-widget elementor-widget-image\" data-id=\"ee47a6a\" data-element_type=\"widget\" data-widget_type=\"image.default\">\n\t\t\t\t<div class=\"elementor-widget-container\">\n\t\t\t\t\t\t\t\t\t\t\t\t\t\t\t<img fetchpriority=\"high\" decoding=\"async\" width=\"240\" height=\"320\" src=\"https:\/\/mae.fabricomiweb.com\/wp-content\/uploads\/2025\/05\/21022010113038-1.jpg\" class=\"attachment-large size-large wp-image-1124\" alt=\"cr\u00edticas de arte\" srcset=\"https:\/\/mae.fabricomiweb.com\/wp-content\/uploads\/2025\/05\/21022010113038-1.jpg 240w, https:\/\/mae.fabricomiweb.com\/wp-content\/uploads\/2025\/05\/21022010113038-1-225x300.jpg 225w\" sizes=\"(max-width: 240px) 100vw, 240px\" \/>\t\t\t\t\t\t\t\t\t\t\t\t\t\t\t<\/div>\n\t\t\t\t<\/div>\n\t\t<div class=\"elementor-element elementor-element-c5343d9 e-con-full e-flex e-con e-child\" data-id=\"c5343d9\" data-element_type=\"container\">\n\t\t\t\t<div class=\"elementor-element elementor-element-6c1533f elementor-widget elementor-widget-text-editor\" data-id=\"6c1533f\" data-element_type=\"widget\" data-widget_type=\"text-editor.default\">\n\t\t\t\t<div class=\"elementor-widget-container\">\n\t\t\t\t\t\t\t\t\t<p><span style=\"color: #000000;\"><strong>Cr\u00edticas de arte<\/strong><\/span><\/p>\t\t\t\t\t\t\t\t<\/div>\n\t\t\t\t<\/div>\n\t\t\t\t<div class=\"elementor-element elementor-element-f679023 elementor-widget elementor-widget-text-editor\" data-id=\"f679023\" data-element_type=\"widget\" data-widget_type=\"text-editor.default\">\n\t\t\t\t<div class=\"elementor-widget-container\">\n\t\t\t\t\t\t\t\t\t<p><span style=\"color: #808080;\">Comentarios sobre la obra de esta autora.<\/span><\/p>\t\t\t\t\t\t\t\t<\/div>\n\t\t\t\t<\/div>\n\t\t\t\t<\/div>\n\t\t\t\t<\/div>\n\t\t\t\t<\/div>\n\t\t<div class=\"elementor-element elementor-element-8ef9d91 e-con-full e-flex e-con e-child\" data-id=\"8ef9d91\" data-element_type=\"container\">\n\t\t<div class=\"elementor-element elementor-element-71f3242 e-con-full e-flex e-con e-child\" data-id=\"71f3242\" data-element_type=\"container\">\n\t\t\t\t<div class=\"elementor-element elementor-element-d696b2c elementor-widget elementor-widget-heading\" data-id=\"d696b2c\" data-element_type=\"widget\" data-widget_type=\"heading.default\">\n\t\t\t\t<div class=\"elementor-widget-container\">\n\t\t\t\t\t<h3 class=\"elementor-heading-title elementor-size-default\">1) Se\u00f1ora en la ventana<\/h3>\t\t\t\t<\/div>\n\t\t\t\t<\/div>\n\t\t\t\t<div class=\"elementor-element elementor-element-989a601 elementor-widget elementor-widget-text-editor\" data-id=\"989a601\" data-element_type=\"widget\" data-widget_type=\"text-editor.default\">\n\t\t\t\t<div class=\"elementor-widget-container\">\n\t\t\t\t\t\t\t\t\t<p style=\"text-align: center;\">\u201cSe\u00f1ora en la ventana\u201d. Autora.-La Realidad. En c\/ Ruperto Chap\u00ed, 31. D\u00eda 12 de 10\u201915 a 10\u201925 horas.<br \/>En esta imagen, a primera vista, lo que nos llama la atenci\u00f3n es la aparente casualidad que parece emanar de toda la composici\u00f3n. Se dir\u00eda que la autora nos quiere alejar del hecho evidente de que estamos ante un intento art\u00edstico -un intento de expresi\u00f3n del\u00a0<em>yo<\/em>\u00a0y quiz\u00e1s del\u00a0<em>ello<\/em>\u00a0y por tanto un hecho con tendencias sublimes- haciendo aparecer el motivo, la figura, despeinada con un rulo colgando, desmadejados los brazos sobre el alf\u00e9izar de la ventana, con el bat\u00edn de boatin\u00e9 entreabierto con desgana y con la expresi\u00f3n de una Gioconda a la que le hayan introducido una zanahoria por el culo. La ventana enmarca sin piedad toda esta deplorable exhibici\u00f3n de mal gusto. El tratamiento del color es detestable. He visto m\u00e1s armon\u00eda en las pelotas de un mandril y m\u00e1s luminosidad en el agujero de un retrete. La ausencia de t\u00e9cnica es evidente. El personal se compra un malet\u00edn de artista de la Srta. Pepis y se ven ya apareciendo en la Historia del Arte de Gombrich. Ya va siendo hora que advenedizas como esta tal realidad dejen de creerse geniales intentando epatarnos con \u00e9stas im\u00e1genes tan de pretendida falta de pretensiones. La falta de pretensiones es s\u00f3lo una excusa para mediocres. No nos enga\u00f1as Realidad.<\/p>\t\t\t\t\t\t\t\t<\/div>\n\t\t\t\t<\/div>\n\t\t\t\t<\/div>\n\t\t<div class=\"elementor-element elementor-element-57bcf6a e-con-full e-flex e-con e-child\" data-id=\"57bcf6a\" data-element_type=\"container\">\n\t\t\t\t<div class=\"elementor-element elementor-element-c449240 elementor-widget elementor-widget-heading\" data-id=\"c449240\" data-element_type=\"widget\" data-widget_type=\"heading.default\">\n\t\t\t\t<div class=\"elementor-widget-container\">\n\t\t\t\t\t<h3 class=\"elementor-heading-title elementor-size-default\">2) Les Demoiselles<\/h3>\t\t\t\t<\/div>\n\t\t\t\t<\/div>\n\t\t\t\t<div class=\"elementor-element elementor-element-8ea3e83 elementor-widget elementor-widget-text-editor\" data-id=\"8ea3e83\" data-element_type=\"widget\" data-widget_type=\"text-editor.default\">\n\t\t\t\t<div class=\"elementor-widget-container\">\n\t\t\t\t\t\t\t\t\t<p style=\"text-align: center;\">Les Demoiselles (instalaci\u00f3n). Autora: La Realidad.<br \/>Ctra. de Guardamar a la izquierda. Todos los dias.<br \/>La se\u00f1orita Realidad nos propone esta interesante instalaci\u00f3n donde la atm\u00f3sfera se erige en protagonista por encima de otros condicionantes est\u00e9ticos. Los elementos constructivos b\u00e1sicos externos que envuelven este hecho art\u00edstico son de una gran sencillez; un par de cuboides ligeramente decorados con los consabidos elementos gr\u00e1ficos y algunos aditamentos hijos de la escayola, conformando un di\u00e1logo geom\u00e9trico entre los contenedores y la iluminaci\u00f3n-reclamo: luces fluorescentes de chocantes colores. Nada m\u00e1s. Hasta el momento estamos ante una concepci\u00f3n cl\u00e1sica del tema, casi acad\u00e9mica. No hay novedad, salvo en mis constantes et\u00edlicas que est\u00e1n asombrosamente bajas para la hora que es. Pero no entremos en disquisiciones sobre el grado et\u00edlico conveniente para enfrentarse a estos eventos art\u00edsticos. Es un debate en el que entraremos espec\u00edficamente en pr\u00f3ximos escritos.<br \/>La puerta -nada que objetar a su sobriedad- y un angosto pasillo -nada que objetar a su anodina neutralidad- nos dan acceso al centro neur\u00e1lgico de la instalaci\u00f3n. Aqu\u00ed se cuece el meollo atmosf\u00e9rico de la cosa. Una nebulosa de humos nos envuelve danzando con la penumbra apenas traspasada de tonos-luz rojizos. La natural querencia me lleva a acodarme en un murete a media altura donde reposan, a barullo, los restos de copiosas libaciones. \u00bfAltar a Baco? \u00bfRestos rituales de una antigua tradici\u00f3n?. Todo est\u00e1 envuelto en una s\u00edncopa de ruidos sordos y parlas estridentes. Entre el maremagnum, las Demoiselles, se afanan como abejas saltando desde el fondo de la sala, donde a veces se agazapan juntas, al murete donde los espectadores nos refugiamos alerta. Se dir\u00eda que, en esos saltos sucesivos, en los que nos susurran, nos palpan y nos restriegan cosas, hay como un cortejo de reclamo con cierto toque ar\u00e1cnido, una reminiscencia de cubil intemporal donde las cosas que est\u00e1n escritas van a suceder irremediablemente. Los papeles est\u00e1n repartidos y s\u00f3lo nos toca dejar que la cosa fluya. La carne de las Demoiselles rebosa desde cada top, desde cada tanga, desde cada short. En est\u00e1 \u00f3pera de l\u00fabricos acentos, los hombres (todos los espectadores, curiosamente, somos hombres), perdidos contra el murete, ejercemos de pato focha, ese pato que cae atra\u00eddo por el reclamo de madera: una llaga coronada de pelos.<br \/>Esto es un remedo cl\u00e1sico, sin duda, pero un tanto remix: la Srta. Realidad ha querido conseguir un h\u00edbrido entre Zurbar\u00e1n y Lucien Freud y le ha salido una aleaci\u00f3n entre Rembrandt y Solana. Tanto da. El encanto se rompe un poco en la siguiente estancia: la ventanilla donde pagamos con la tarjeta o en met\u00e1lico y nos dan un cond\u00f3n, una s\u00e1bana y una toalla. La excitaci\u00f3n que nos maravillaba en el anterior espacio da paso a cierta incomodidad. \u00bfSer\u00e1 esa luz como de sala de urgencias de un hospital?. Entramos a la \u00faltima estancia&#8230;<br \/>Despu\u00e9s, salgo como un cordero tras ella mientras le explico que yo, si no me enamoro, no trempo y que por eso, pues no&#8230;<br \/>Ella se llamaba Lara, yo soy el Doctor Divago y la Srta. Realidad es una pu\u00f1etera.<\/p>\t\t\t\t\t\t\t\t<\/div>\n\t\t\t\t<\/div>\n\t\t\t\t<\/div>\n\t\t\t\t<\/div>\n\t\t\t\t<\/div>\n\t\t\t\t\t<\/div>\n\t\t\t\t<\/div>\n\t\t\t\t<\/div>\n\t\t","protected":false},"excerpt":{"rendered":"<p>Volveratr\u00e1s \/ Cr\u00edticas de arte Comentarios sobre la obra de esta autora. 1) Se\u00f1ora en la ventana \u201cSe\u00f1ora en la ventana\u201d. Autora.-La Realidad. En c\/ Ruperto Chap\u00ed, 31. D\u00eda 12 de 10\u201915 a 10\u201925 horas.En esta imagen, a primera vista, lo que nos llama la atenci\u00f3n es la aparente casualidad que parece emanar de toda [&hellip;]<\/p>\n","protected":false},"author":1,"featured_media":0,"parent":0,"menu_order":0,"comment_status":"closed","ping_status":"closed","template":"","meta":{"ocean_post_layout":"full-screen","ocean_both_sidebars_style":"","ocean_both_sidebars_content_width":0,"ocean_both_sidebars_sidebars_width":0,"ocean_sidebar":"0","ocean_second_sidebar":"0","ocean_disable_margins":"enable","ocean_add_body_class":"","ocean_shortcode_before_top_bar":"","ocean_shortcode_after_top_bar":"","ocean_shortcode_before_header":"","ocean_shortcode_after_header":"","ocean_has_shortcode":"","ocean_shortcode_after_title":"","ocean_shortcode_before_footer_widgets":"","ocean_shortcode_after_footer_widgets":"","ocean_shortcode_before_footer_bottom":"","ocean_shortcode_after_footer_bottom":"","ocean_display_top_bar":"default","ocean_display_header":"default","ocean_header_style":"","ocean_center_header_left_menu":"0","ocean_custom_header_template":"0","ocean_custom_logo":0,"ocean_custom_retina_logo":0,"ocean_custom_logo_max_width":0,"ocean_custom_logo_tablet_max_width":0,"ocean_custom_logo_mobile_max_width":0,"ocean_custom_logo_max_height":0,"ocean_custom_logo_tablet_max_height":0,"ocean_custom_logo_mobile_max_height":0,"ocean_header_custom_menu":"0","ocean_menu_typo_font_family":"0","ocean_menu_typo_font_subset":"","ocean_menu_typo_font_size":0,"ocean_menu_typo_font_size_tablet":0,"ocean_menu_typo_font_size_mobile":0,"ocean_menu_typo_font_size_unit":"px","ocean_menu_typo_font_weight":"","ocean_menu_typo_font_weight_tablet":"","ocean_menu_typo_font_weight_mobile":"","ocean_menu_typo_transform":"","ocean_menu_typo_transform_tablet":"","ocean_menu_typo_transform_mobile":"","ocean_menu_typo_line_height":0,"ocean_menu_typo_line_height_tablet":0,"ocean_menu_typo_line_height_mobile":0,"ocean_menu_typo_line_height_unit":"","ocean_menu_typo_spacing":0,"ocean_menu_typo_spacing_tablet":0,"ocean_menu_typo_spacing_mobile":0,"ocean_menu_typo_spacing_unit":"","ocean_menu_link_color":"","ocean_menu_link_color_hover":"","ocean_menu_link_color_active":"","ocean_menu_link_background":"","ocean_menu_link_hover_background":"","ocean_menu_link_active_background":"","ocean_menu_social_links_bg":"","ocean_menu_social_hover_links_bg":"","ocean_menu_social_links_color":"","ocean_menu_social_hover_links_color":"","ocean_disable_title":"on","ocean_disable_heading":"default","ocean_post_title":"","ocean_post_subheading":"","ocean_post_title_style":"","ocean_post_title_background_color":"","ocean_post_title_background":0,"ocean_post_title_bg_image_position":"","ocean_post_title_bg_image_attachment":"","ocean_post_title_bg_image_repeat":"","ocean_post_title_bg_image_size":"","ocean_post_title_height":0,"ocean_post_title_bg_overlay":0.5,"ocean_post_title_bg_overlay_color":"","ocean_disable_breadcrumbs":"default","ocean_breadcrumbs_color":"","ocean_breadcrumbs_separator_color":"","ocean_breadcrumbs_links_color":"","ocean_breadcrumbs_links_hover_color":"","ocean_display_footer_widgets":"default","ocean_display_footer_bottom":"default","ocean_custom_footer_template":"0","footnotes":""},"class_list":["post-1283","page","type-page","status-publish","hentry","entry"],"_links":{"self":[{"href":"https:\/\/mae.fabricomiweb.com\/index.php\/wp-json\/wp\/v2\/pages\/1283","targetHints":{"allow":["GET"]}}],"collection":[{"href":"https:\/\/mae.fabricomiweb.com\/index.php\/wp-json\/wp\/v2\/pages"}],"about":[{"href":"https:\/\/mae.fabricomiweb.com\/index.php\/wp-json\/wp\/v2\/types\/page"}],"author":[{"embeddable":true,"href":"https:\/\/mae.fabricomiweb.com\/index.php\/wp-json\/wp\/v2\/users\/1"}],"replies":[{"embeddable":true,"href":"https:\/\/mae.fabricomiweb.com\/index.php\/wp-json\/wp\/v2\/comments?post=1283"}],"version-history":[{"count":8,"href":"https:\/\/mae.fabricomiweb.com\/index.php\/wp-json\/wp\/v2\/pages\/1283\/revisions"}],"predecessor-version":[{"id":4427,"href":"https:\/\/mae.fabricomiweb.com\/index.php\/wp-json\/wp\/v2\/pages\/1283\/revisions\/4427"}],"wp:attachment":[{"href":"https:\/\/mae.fabricomiweb.com\/index.php\/wp-json\/wp\/v2\/media?parent=1283"}],"curies":[{"name":"wp","href":"https:\/\/api.w.org\/{rel}","templated":true}]}}