{"id":1309,"date":"2025-05-12T07:36:23","date_gmt":"2025-05-12T07:36:23","guid":{"rendered":"https:\/\/mae.fabricomiweb.es\/?page_id=1309"},"modified":"2025-05-23T11:19:01","modified_gmt":"2025-05-23T11:19:01","slug":"manifiesto-4","status":"publish","type":"page","link":"https:\/\/mae.fabricomiweb.com\/index.php\/manifiesto-4\/","title":{"rendered":"Manifiesto 4 | Defensa de lo Trans"},"content":{"rendered":"\t\t<div data-elementor-type=\"wp-post\" data-elementor-id=\"1309\" class=\"elementor elementor-1309\">\n\t\t\t\t<div class=\"elementor-element elementor-element-bed527e e-flex e-con-boxed e-con e-parent\" data-id=\"bed527e\" data-element_type=\"container\">\n\t\t\t\t\t<div class=\"e-con-inner\">\n\t\t<div class=\"elementor-element elementor-element-d33249d e-con-full e-flex e-con e-child\" data-id=\"d33249d\" data-element_type=\"container\">\n\t\t<div class=\"elementor-element elementor-element-1ea2ad0 e-con-full e-flex e-con e-child\" data-id=\"1ea2ad0\" data-element_type=\"container\">\n\t\t\t\t<div class=\"elementor-element elementor-element-2f1f56e otros-manifiestos-enlaces elementor-widget elementor-widget-text-editor\" data-id=\"2f1f56e\" data-element_type=\"widget\" data-widget_type=\"text-editor.default\">\n\t\t\t\t<div class=\"elementor-widget-container\">\n\t\t\t\t\t\t\t\t\t<p style=\"text-align: right;\"><a href=\"https:\/\/mae.fabricomiweb.com\/index.php\/manifiestos\/\"><strong><span style=\"color: #000000;\">Volver<\/span><\/strong><span style=\"color: #808080;\">atr\u00e1s<\/span> <span style=\"color: #ff9900;\">\/<\/span><\/a><\/p>\t\t\t\t\t\t\t\t<\/div>\n\t\t\t\t<\/div>\n\t\t\t\t<\/div>\n\t\t<div class=\"elementor-element elementor-element-4d94e92 e-con-full e-flex e-con e-child\" data-id=\"4d94e92\" data-element_type=\"container\">\n\t\t<div class=\"elementor-element elementor-element-eded8d0 e-con-full e-flex e-con e-child\" data-id=\"eded8d0\" data-element_type=\"container\">\n\t\t\t\t<div class=\"elementor-element elementor-element-ee47a6a elementor-widget elementor-widget-image\" data-id=\"ee47a6a\" data-element_type=\"widget\" data-widget_type=\"image.default\">\n\t\t\t\t<div class=\"elementor-widget-container\">\n\t\t\t\t\t\t\t\t\t\t\t\t\t\t\t<img fetchpriority=\"high\" decoding=\"async\" width=\"230\" height=\"307\" src=\"https:\/\/mae.fabricomiweb.com\/wp-content\/uploads\/2025\/05\/21022010100753-1-2.jpg\" class=\"attachment-large size-large wp-image-1321\" alt=\"\" srcset=\"https:\/\/mae.fabricomiweb.com\/wp-content\/uploads\/2025\/05\/21022010100753-1-2.jpg 230w, https:\/\/mae.fabricomiweb.com\/wp-content\/uploads\/2025\/05\/21022010100753-1-2-225x300.jpg 225w\" sizes=\"(max-width: 230px) 100vw, 230px\" \/>\t\t\t\t\t\t\t\t\t\t\t\t\t\t\t<\/div>\n\t\t\t\t<\/div>\n\t\t<div class=\"elementor-element elementor-element-c5343d9 e-con-full e-flex e-con e-child\" data-id=\"c5343d9\" data-element_type=\"container\">\n\t\t\t\t<div class=\"elementor-element elementor-element-6c1533f elementor-widget elementor-widget-text-editor\" data-id=\"6c1533f\" data-element_type=\"widget\" data-widget_type=\"text-editor.default\">\n\t\t\t\t<div class=\"elementor-widget-container\">\n\t\t\t\t\t\t\t\t\t<p><span style=\"color: #000000;\"><strong>Defensa de lo Trans<\/strong><\/span><\/p>\t\t\t\t\t\t\t\t<\/div>\n\t\t\t\t<\/div>\n\t\t\t\t<div class=\"elementor-element elementor-element-f679023 elementor-widget elementor-widget-text-editor\" data-id=\"f679023\" data-element_type=\"widget\" data-widget_type=\"text-editor.default\">\n\t\t\t\t<div class=\"elementor-widget-container\">\n\t\t\t\t\t\t\t\t\t<p><span style=\"color: #808080;\">Un grito desgarrador.<\/span><\/p>\t\t\t\t\t\t\t\t<\/div>\n\t\t\t\t<\/div>\n\t\t\t\t<\/div>\n\t\t\t\t<\/div>\n\t\t\t\t<\/div>\n\t\t<div class=\"elementor-element elementor-element-8ef9d91 e-con-full e-flex e-con e-child\" data-id=\"8ef9d91\" data-element_type=\"container\">\n\t\t<div class=\"elementor-element elementor-element-71f3242 e-con-full e-flex e-con e-child\" data-id=\"71f3242\" data-element_type=\"container\">\n\t\t\t\t<div class=\"elementor-element elementor-element-989a601 elementor-widget elementor-widget-text-editor\" data-id=\"989a601\" data-element_type=\"widget\" data-widget_type=\"text-editor.default\">\n\t\t\t\t<div class=\"elementor-widget-container\">\n\t\t\t\t\t\t\t\t\t<p style=\"text-align: center;\">En mi tierna infancia estuve rodeado de wasichus, de rostros p\u00e1lidos. No era Elche precisamente un crisol de etnias. Nuestro horizonte cultural era m\u00e1s bien monocorde, aburrido (entendiendo el aburrimiento y la diversi\u00f3n como lo entiende San Agust\u00edn en su op\u00fasculo \u201cDe Institutione Caenobiarum\u201d).<br \/>Mi primer contacto con algo distinto a una cosa como yo, fue gracias a mi debilidad por el pecado de On\u00e1n (seg\u00fan cuentan las cr\u00f3nicas ya rend\u00eda pleites\u00eda al susodicho a la edad de siete a\u00f1os). Andaba servidor como loco buscando alg\u00fan referente gr\u00e1fico para alimentar mi afici\u00f3n: alguna gl\u00e1ndula mamaria poco cubierta por un escote palabra de honor, un muslo olvidado en alg\u00fan cat\u00e1logo de lencer\u00eda, un atisbo de entrepierna en los l\u00edmites de la faja Soras (\u00a1Qu\u00e9 faja tan encantadora!). Era dif\u00edcil, muy dif\u00edcil en aquel tiempo encontrar algo que llevarte a los ojos que te pusiera (aunque la verdad es que yo me pon\u00eda a veces con cualquier cosa). En California, en las Francias, todo el mundo haciendo el amor y no la guerra y nosotros no pod\u00edamos ni siquiera inspirarnos la visual para luego ejercitar el toque de la zambomba&#8230;<br \/>Y de pronto \u00a1oh milagro!, mis tatas me regalan un libro: \u201cRazas Humanas\u201d. En \u00e9l dejaron pasar los censores ciertas fotograf\u00edas que -pensaron- no atentaban al pudor porque eran de ind\u00edgenas negras y es que \u00bfqu\u00e9 especie de s\u00e1dico zoof\u00edlico ser\u00eda capaz de excitarse mirando la desnuda anatom\u00eda de una representante de la tribu somba?. Yo. Y demostr\u00e9 mi degeneraci\u00f3n (que en realidad era un germen antirracista) homenajeando durante mucho tiempo, por turnos o por tandas, a una mujer de la tribu iraqu, una nativa del Alto Volta moliendo el grano, unas muchachas del pueblo venda, y a mi prefe: una angole\u00f1a que quitaba el sent\u00edo.<br \/>Unos a\u00f1os m\u00e1s tarde, saliendo de Benar\u00e9s, un sant\u00f3n sentado en un cruce de caminos me dijo que el dualismo suele ser la inevitable consecuencia de la crisis, la que nace de la confrontaci\u00f3n entre la unidad trascendental y el mundo del devenir (del samsara)*. Me lo cre\u00ed todo porque iba de lis\u00e9rgico hasta las meninges y me qued\u00e9 con \u00e9l cuatro d\u00edas hasta que, no s\u00e9 qui\u00e9n, me arrastr\u00f3 al consulado para que me repatriaran.<br \/>Despu\u00e9s un indio paiute me ense\u00f1\u00f3 a mirar pasar mis pensamientos como quien est\u00e1 sentado bajo un alerce mirando pasar el r\u00edo, y a utilizar la sonrisa del ciervo en las circunstancias que se requiriese, y a preguntar en la boca de la cueva. Y s\u00f3lo por 2500 pesetas.<br \/>Y en Marruecos la familia de Hanane nos regal\u00f3 con la m\u00e1s espl\u00e9ndida y desprendida hospitalidad, con sus sonrisas, con su alegr\u00eda, con el suave sentido del tiempo de su cultura.<br \/>Pero he de reconocer que donde m\u00e1s he recibido, donde he visto la luz, ha sido en esa reserva espiritual que tenemos en Elche y que es el Barrio de los Palmerales. Fu\u00ed all\u00ed a dar clase al Centro Juvenil enmedio de una de las crisis que me produce la enfermedad cr\u00f3nica que padezco: la enfermedad del bolero (ansiedad, angustia, desesperasi\u00f3n). Las clases me las impartieron ellos, no sal\u00ed curado, pero aprend\u00ed mucho, me dieron mucho, hasta un nombre: \u201cNajabao\u201d (no os dir\u00e9 qu\u00e9 significa, es secreto), me sent\u00ed querido, admitido por la tribu, yo que andaba acostumbrado a que me ningunearan, a que me negaran tres veces &#8230;<br \/>En fin, que veo ahora Elche tan multicolor, tan multicultural como se dice ahora, tan rico en diferencias, \u00e1rabes, ecuatorianos, salvadore\u00f1os, congole\u00f1os, guineanos, rumanos, rusos, tan felices todos con su identidad a cuestas (\u00a1Qu\u00e9 cambio desde mi infancia!)S\u00ed, los veo tan felices con su identidad a cuestas que una vieja reivindicaci\u00f3n se me remueve en las v\u00edsceras. \u00a1Apelo a los investigadores de nuestra nunca suficientemente bien ponderada\u00a0 Universidad Miguel Hern\u00e1ndez!. Respeto y aclamo el derecho a las operaciones transexuales pero \u00bfy yo? YO SOY UN GITANO ATRAPADO EN UN CUERPO DE PAYO. \u00bfPARA CU\u00c1NDO LAS OPERACIONES TRANS\u00c9TNICAS?.<\/p>\t\t\t\t\t\t\t\t<\/div>\n\t\t\t\t<\/div>\n\t\t\t\t<\/div>\n\t\t<div class=\"elementor-element elementor-element-aab9bad e-con-full e-flex e-con e-child\" data-id=\"aab9bad\" data-element_type=\"container\">\n\t\t\t\t<div class=\"elementor-element elementor-element-d8b170d elementor-widget elementor-widget-image\" data-id=\"d8b170d\" data-element_type=\"widget\" data-widget_type=\"image.default\">\n\t\t\t\t<div class=\"elementor-widget-container\">\n\t\t\t\t\t\t\t\t\t\t\t\t\t\t\t<img decoding=\"async\" width=\"212\" height=\"282\" src=\"https:\/\/mae.fabricomiweb.com\/wp-content\/uploads\/2025\/05\/etnico.jpg\" class=\"attachment-large size-large wp-image-1325\" alt=\"\" \/>\t\t\t\t\t\t\t\t\t\t\t\t\t\t\t<\/div>\n\t\t\t\t<\/div>\n\t\t\t\t<\/div>\n\t\t\t\t<\/div>\n\t\t\t\t<\/div>\n\t\t\t\t\t<\/div>\n\t\t\t\t<\/div>\n\t\t\t\t<\/div>\n\t\t","protected":false},"excerpt":{"rendered":"<p>Volveratr\u00e1s \/ Defensa de lo Trans Un grito desgarrador. En mi tierna infancia estuve rodeado de wasichus, de rostros p\u00e1lidos. No era Elche precisamente un crisol de etnias. Nuestro horizonte cultural era m\u00e1s bien monocorde, aburrido (entendiendo el aburrimiento y la diversi\u00f3n como lo entiende San Agust\u00edn en su op\u00fasculo \u201cDe Institutione Caenobiarum\u201d).Mi primer contacto [&hellip;]<\/p>\n","protected":false},"author":1,"featured_media":0,"parent":0,"menu_order":0,"comment_status":"closed","ping_status":"closed","template":"","meta":{"ocean_post_layout":"full-screen","ocean_both_sidebars_style":"","ocean_both_sidebars_content_width":0,"ocean_both_sidebars_sidebars_width":0,"ocean_sidebar":"0","ocean_second_sidebar":"0","ocean_disable_margins":"enable","ocean_add_body_class":"","ocean_shortcode_before_top_bar":"","ocean_shortcode_after_top_bar":"","ocean_shortcode_before_header":"","ocean_shortcode_after_header":"","ocean_has_shortcode":"","ocean_shortcode_after_title":"","ocean_shortcode_before_footer_widgets":"","ocean_shortcode_after_footer_widgets":"","ocean_shortcode_before_footer_bottom":"","ocean_shortcode_after_footer_bottom":"","ocean_display_top_bar":"default","ocean_display_header":"default","ocean_header_style":"","ocean_center_header_left_menu":"0","ocean_custom_header_template":"0","ocean_custom_logo":0,"ocean_custom_retina_logo":0,"ocean_custom_logo_max_width":0,"ocean_custom_logo_tablet_max_width":0,"ocean_custom_logo_mobile_max_width":0,"ocean_custom_logo_max_height":0,"ocean_custom_logo_tablet_max_height":0,"ocean_custom_logo_mobile_max_height":0,"ocean_header_custom_menu":"0","ocean_menu_typo_font_family":"0","ocean_menu_typo_font_subset":"","ocean_menu_typo_font_size":0,"ocean_menu_typo_font_size_tablet":0,"ocean_menu_typo_font_size_mobile":0,"ocean_menu_typo_font_size_unit":"px","ocean_menu_typo_font_weight":"","ocean_menu_typo_font_weight_tablet":"","ocean_menu_typo_font_weight_mobile":"","ocean_menu_typo_transform":"","ocean_menu_typo_transform_tablet":"","ocean_menu_typo_transform_mobile":"","ocean_menu_typo_line_height":0,"ocean_menu_typo_line_height_tablet":0,"ocean_menu_typo_line_height_mobile":0,"ocean_menu_typo_line_height_unit":"","ocean_menu_typo_spacing":0,"ocean_menu_typo_spacing_tablet":0,"ocean_menu_typo_spacing_mobile":0,"ocean_menu_typo_spacing_unit":"","ocean_menu_link_color":"","ocean_menu_link_color_hover":"","ocean_menu_link_color_active":"","ocean_menu_link_background":"","ocean_menu_link_hover_background":"","ocean_menu_link_active_background":"","ocean_menu_social_links_bg":"","ocean_menu_social_hover_links_bg":"","ocean_menu_social_links_color":"","ocean_menu_social_hover_links_color":"","ocean_disable_title":"on","ocean_disable_heading":"default","ocean_post_title":"","ocean_post_subheading":"","ocean_post_title_style":"","ocean_post_title_background_color":"","ocean_post_title_background":0,"ocean_post_title_bg_image_position":"","ocean_post_title_bg_image_attachment":"","ocean_post_title_bg_image_repeat":"","ocean_post_title_bg_image_size":"","ocean_post_title_height":0,"ocean_post_title_bg_overlay":0.5,"ocean_post_title_bg_overlay_color":"","ocean_disable_breadcrumbs":"default","ocean_breadcrumbs_color":"","ocean_breadcrumbs_separator_color":"","ocean_breadcrumbs_links_color":"","ocean_breadcrumbs_links_hover_color":"","ocean_display_footer_widgets":"default","ocean_display_footer_bottom":"default","ocean_custom_footer_template":"0","footnotes":""},"class_list":["post-1309","page","type-page","status-publish","hentry","entry"],"_links":{"self":[{"href":"https:\/\/mae.fabricomiweb.com\/index.php\/wp-json\/wp\/v2\/pages\/1309","targetHints":{"allow":["GET"]}}],"collection":[{"href":"https:\/\/mae.fabricomiweb.com\/index.php\/wp-json\/wp\/v2\/pages"}],"about":[{"href":"https:\/\/mae.fabricomiweb.com\/index.php\/wp-json\/wp\/v2\/types\/page"}],"author":[{"embeddable":true,"href":"https:\/\/mae.fabricomiweb.com\/index.php\/wp-json\/wp\/v2\/users\/1"}],"replies":[{"embeddable":true,"href":"https:\/\/mae.fabricomiweb.com\/index.php\/wp-json\/wp\/v2\/comments?post=1309"}],"version-history":[{"count":11,"href":"https:\/\/mae.fabricomiweb.com\/index.php\/wp-json\/wp\/v2\/pages\/1309\/revisions"}],"predecessor-version":[{"id":4431,"href":"https:\/\/mae.fabricomiweb.com\/index.php\/wp-json\/wp\/v2\/pages\/1309\/revisions\/4431"}],"wp:attachment":[{"href":"https:\/\/mae.fabricomiweb.com\/index.php\/wp-json\/wp\/v2\/media?parent=1309"}],"curies":[{"name":"wp","href":"https:\/\/api.w.org\/{rel}","templated":true}]}}