{"id":2194,"date":"2025-05-13T11:20:30","date_gmt":"2025-05-13T11:20:30","guid":{"rendered":"https:\/\/mae.fabricomiweb.es\/?page_id=2194"},"modified":"2025-05-23T11:15:40","modified_gmt":"2025-05-23T11:15:40","slug":"acciones-periodo-1996-2000-ja","status":"publish","type":"page","link":"https:\/\/mae.fabricomiweb.com\/index.php\/acciones-periodo-1996-2000-ja\/","title":{"rendered":"Acciones | Periodo 1996-2000 | \u00abJa\u00bb Apertura | Festival de Payasos."},"content":{"rendered":"\t\t<div data-elementor-type=\"wp-post\" data-elementor-id=\"2194\" class=\"elementor elementor-2194\">\n\t\t\t\t<div class=\"elementor-element elementor-element-5c47b0a e-flex e-con-boxed e-con e-parent\" data-id=\"5c47b0a\" data-element_type=\"container\">\n\t\t\t\t\t<div class=\"e-con-inner\">\n\t\t<div class=\"elementor-element elementor-element-39f1192 e-con-full e-flex e-con e-child\" data-id=\"39f1192\" data-element_type=\"container\">\n\t\t\t\t<div class=\"elementor-element elementor-element-add7023 elementor-widget elementor-widget-text-editor\" data-id=\"add7023\" data-element_type=\"widget\" data-widget_type=\"text-editor.default\">\n\t\t\t\t<div class=\"elementor-widget-container\">\n\t\t\t\t\t\t\t\t\t<p><span style=\"color: #000000;\"><strong>acciones <span style=\"color: #ff9900;\">*<\/span><\/strong><\/span><\/p>\t\t\t\t\t\t\t\t<\/div>\n\t\t\t\t<\/div>\n\t\t<div class=\"elementor-element elementor-element-98b7cac e-con-full e-flex e-con e-child\" data-id=\"98b7cac\" data-element_type=\"container\">\n\t\t\t\t<div class=\"elementor-element elementor-element-f979314 otros-manifiestos-enlaces elementor-widget elementor-widget-text-editor\" data-id=\"f979314\" data-element_type=\"widget\" data-widget_type=\"text-editor.default\">\n\t\t\t\t<div class=\"elementor-widget-container\">\n\t\t\t\t\t\t\t\t\t<p><a href=\"https:\/\/mae.fabricomiweb.com\/index.php\/acciones-periodo-2006-2010-1\/\"><span style=\"color: #808080;\">\/ Periodo 2006-2010<\/span><\/a><\/p>\t\t\t\t\t\t\t\t<\/div>\n\t\t\t\t<\/div>\n\t\t\t\t<div class=\"elementor-element elementor-element-e83f02a otros-manifiestos-enlaces elementor-widget elementor-widget-text-editor\" data-id=\"e83f02a\" data-element_type=\"widget\" data-widget_type=\"text-editor.default\">\n\t\t\t\t<div class=\"elementor-widget-container\">\n\t\t\t\t\t\t\t\t\t<p><a href=\"https:\/\/mae.fabricomiweb.com\/index.php\/acciones-periodo-2001-2005-1\/\"><span style=\"color: #808080;\">\/ Periodo 2001-2005<\/span><\/a><\/p>\t\t\t\t\t\t\t\t<\/div>\n\t\t\t\t<\/div>\n\t\t\t\t<div class=\"elementor-element elementor-element-773c0bd otros-manifiestos-enlaces elementor-widget elementor-widget-text-editor\" data-id=\"773c0bd\" data-element_type=\"widget\" data-widget_type=\"text-editor.default\">\n\t\t\t\t<div class=\"elementor-widget-container\">\n\t\t\t\t\t\t\t\t\t<p><a href=\"https:\/\/mae.fabricomiweb.com\/index.php\/acciones-periodo-1996-2000-1\/\"><span style=\"color: #808080;\">\/ Periodo 1996-2000<\/span><\/a><\/p>\t\t\t\t\t\t\t\t<\/div>\n\t\t\t\t<\/div>\n\t\t\t\t<div class=\"elementor-element elementor-element-944f7ab otros-manifiestos-enlaces elementor-widget elementor-widget-text-editor\" data-id=\"944f7ab\" data-element_type=\"widget\" data-widget_type=\"text-editor.default\">\n\t\t\t\t<div class=\"elementor-widget-container\">\n\t\t\t\t\t\t\t\t\t<p><a href=\"https:\/\/mae.fabricomiweb.com\/index.php\/acciones-periodo-1991-1995-1\/\"><span style=\"color: #808080;\">\/ Periodo 1991-1995<\/span><\/a><\/p>\t\t\t\t\t\t\t\t<\/div>\n\t\t\t\t<\/div>\n\t\t\t\t<div class=\"elementor-element elementor-element-3878e7c otros-manifiestos-enlaces elementor-widget elementor-widget-text-editor\" data-id=\"3878e7c\" data-element_type=\"widget\" data-widget_type=\"text-editor.default\">\n\t\t\t\t<div class=\"elementor-widget-container\">\n\t\t\t\t\t\t\t\t\t<p><a href=\"https:\/\/mae.fabricomiweb.com\/index.php\/acciones-periodo-1984-1990-1\/\"><span style=\"color: #808080;\">\/ Periodo 1984-1990<\/span><\/a><\/p>\t\t\t\t\t\t\t\t<\/div>\n\t\t\t\t<\/div>\n\t\t\t\t<div class=\"elementor-element elementor-element-fc0af28 otros-manifiestos-enlaces elementor-widget elementor-widget-text-editor\" data-id=\"fc0af28\" data-element_type=\"widget\" data-widget_type=\"text-editor.default\">\n\t\t\t\t<div class=\"elementor-widget-container\">\n\t\t\t\t\t\t\t\t\t<p><a href=\"https:\/\/mae.fabricomiweb.com\/index.php\/acciones-periodo-a-1\/\"><span style=\"color: #808080;\">\/ A<\/span><\/a><\/p>\t\t\t\t\t\t\t\t<\/div>\n\t\t\t\t<\/div>\n\t\t\t\t<\/div>\n\t\t\t\t<\/div>\n\t\t<div class=\"elementor-element elementor-element-e2a8550 e-con-full e-flex e-con e-child\" data-id=\"e2a8550\" data-element_type=\"container\">\n\t\t<div class=\"elementor-element elementor-element-f59ac01 e-con-full e-flex e-con e-child\" data-id=\"f59ac01\" data-element_type=\"container\">\n\t\t\t\t<div class=\"elementor-element elementor-element-26c6154 otros-manifiestos-enlaces elementor-widget elementor-widget-text-editor\" data-id=\"26c6154\" data-element_type=\"widget\" data-widget_type=\"text-editor.default\">\n\t\t\t\t<div class=\"elementor-widget-container\">\n\t\t\t\t\t\t\t\t\t<p style=\"text-align: right;\"><a href=\"https:\/\/mae.fabricomiweb.com\/index.php\/acciones-periodo-1996-2000-1\/\"><strong><span style=\"color: #000000;\">Volver<\/span><\/strong><span style=\"color: #000000;\"><span style=\"color: #808080;\">atr\u00e1s<\/span><\/span>\u00a0<strong><span style=\"color: #ff9900;\">\/<\/span><\/strong><\/a><\/p>\t\t\t\t\t\t\t\t<\/div>\n\t\t\t\t<\/div>\n\t\t\t\t<div class=\"elementor-element elementor-element-ea054c4 elementor-widget-divider--view-line elementor-widget elementor-widget-divider\" data-id=\"ea054c4\" data-element_type=\"widget\" data-widget_type=\"divider.default\">\n\t\t\t\t<div class=\"elementor-widget-container\">\n\t\t\t\t\t\t\t<div class=\"elementor-divider\">\n\t\t\t<span class=\"elementor-divider-separator\">\n\t\t\t\t\t\t<\/span>\n\t\t<\/div>\n\t\t\t\t\t\t<\/div>\n\t\t\t\t<\/div>\n\t\t<div class=\"elementor-element elementor-element-c0b51e0 e-con-full e-flex e-con e-child\" data-id=\"c0b51e0\" data-element_type=\"container\">\n\t\t<div class=\"elementor-element elementor-element-8924735 e-con-full e-flex e-con e-child\" data-id=\"8924735\" data-element_type=\"container\">\n\t\t\t\t<div class=\"elementor-element elementor-element-5936974 elementor-widget elementor-widget-image\" data-id=\"5936974\" data-element_type=\"widget\" data-widget_type=\"image.default\">\n\t\t\t\t<div class=\"elementor-widget-container\">\n\t\t\t\t\t\t\t\t\t\t\t\t\t\t\t<img fetchpriority=\"high\" decoding=\"async\" width=\"320\" height=\"240\" src=\"https:\/\/mae.fabricomiweb.com\/wp-content\/uploads\/2025\/05\/22022010085206.jpg\" class=\"attachment-2048x2048 size-2048x2048 wp-image-2078\" alt=\"\" srcset=\"https:\/\/mae.fabricomiweb.com\/wp-content\/uploads\/2025\/05\/22022010085206.jpg 320w, https:\/\/mae.fabricomiweb.com\/wp-content\/uploads\/2025\/05\/22022010085206-300x225.jpg 300w\" sizes=\"(max-width: 320px) 100vw, 320px\" \/>\t\t\t\t\t\t\t\t\t\t\t\t\t\t\t<\/div>\n\t\t\t\t<\/div>\n\t\t\t\t<\/div>\n\t\t<div class=\"elementor-element elementor-element-4a5b3b8 e-con-full e-flex e-con e-child\" data-id=\"4a5b3b8\" data-element_type=\"container\">\n\t\t\t\t<div class=\"elementor-element elementor-element-20faf8e elementor-widget elementor-widget-heading\" data-id=\"20faf8e\" data-element_type=\"widget\" data-widget_type=\"heading.default\">\n\t\t\t\t<div class=\"elementor-widget-container\">\n\t\t\t\t\t<h2 class=\"elementor-heading-title elementor-size-default\">\"Ja\". Apertura | Festival de Payasos. Elche.<\/h2>\t\t\t\t<\/div>\n\t\t\t\t<\/div>\n\t\t\t\t<div class=\"elementor-element elementor-element-74f4b4a elementor-widget elementor-widget-text-editor\" data-id=\"74f4b4a\" data-element_type=\"widget\" data-widget_type=\"text-editor.default\">\n\t\t\t\t<div class=\"elementor-widget-container\">\n\t\t\t\t\t\t\t\t\t<p style=\"text-align: right;\"><span style=\"color: #ff9900;\">17\/06\/2000<\/span><\/p>\t\t\t\t\t\t\t\t<\/div>\n\t\t\t\t<\/div>\n\t\t\t\t<\/div>\n\t\t\t\t<\/div>\n\t\t\t\t<\/div>\n\t\t<div class=\"elementor-element elementor-element-f4bc2ac e-con-full e-flex e-con e-child\" data-id=\"f4bc2ac\" data-element_type=\"container\">\n\t\t\t\t<div class=\"elementor-element elementor-element-da196f4 elementor-widget elementor-widget-text-editor\" data-id=\"da196f4\" data-element_type=\"widget\" data-widget_type=\"text-editor.default\">\n\t\t\t\t<div class=\"elementor-widget-container\">\n\t\t\t\t\t\t\t\t\t<p style=\"text-align: right;\">Espacio: Andamio con un televisor arriba y, abajo, una silla, entre los dos un gran embudo, una mesa con distintos elementos y, junto al andamio, espacio para percusionista.<br \/><br \/>El oficiante, con la cabeza afeitada, permanece sentado en la silla, bajo el televisor y el embudo, tiene los ojos tapados con parches en los que se han pintado grandes ojos. En lel televisor se van alternando im\u00e1genes grabadas del programa Gran Hermano con im\u00e1genes de la acci\u00f3n en tiempo real. El segundo oficiante, frente al p\u00fablico, se corta el pelo y se lo coloca al primer oficiante en la cabeza con precinto, despu\u00e9s con una brocha y pintura roja le pinta la boca y la nariz, con dos gomas y ganchos le fija la comisura de los labios al andamio. Lo espolvorea de harina. Ense\u00f1ara al p\u00fablico un huevo y un reloj, partir\u00e1 el reloj con un machete de carnicero, acto seguido vierte una botella de l\u00edquido rojo sobre el primer oficiante. Repetir\u00e1 esta acci\u00f3n dos veces m\u00e1s vertiendo l\u00edquido amarillo. Por fin batir\u00e1 el huevo y lo verter\u00e1 sobre el reloj que lleva en la mu\u00f1eca lo que marcar\u00e1 el fin de la acci\u00f3n y la salida de los oficiantes. Durante la acci\u00f3n el percusionista ha estado improvisando con distintos elementos.<\/p>\t\t\t\t\t\t\t\t<\/div>\n\t\t\t\t<\/div>\n\t\t\t\t<\/div>\n\t\t\t\t<\/div>\n\t\t\t\t\t<\/div>\n\t\t\t\t<\/div>\n\t\t\t\t<\/div>\n\t\t","protected":false},"excerpt":{"rendered":"<p>acciones * \/ Periodo 2006-2010 \/ Periodo 2001-2005 \/ Periodo 1996-2000 \/ Periodo 1991-1995 \/ Periodo 1984-1990 \/ A Volveratr\u00e1s\u00a0\/ \u00abJa\u00bb. Apertura | Festival de Payasos. Elche. 17\/06\/2000 Espacio: Andamio con un televisor arriba y, abajo, una silla, entre los dos un gran embudo, una mesa con distintos elementos y, junto al andamio, espacio para [&hellip;]<\/p>\n","protected":false},"author":1,"featured_media":0,"parent":0,"menu_order":0,"comment_status":"closed","ping_status":"closed","template":"","meta":{"ocean_post_layout":"full-screen","ocean_both_sidebars_style":"","ocean_both_sidebars_content_width":0,"ocean_both_sidebars_sidebars_width":0,"ocean_sidebar":"0","ocean_second_sidebar":"0","ocean_disable_margins":"enable","ocean_add_body_class":"","ocean_shortcode_before_top_bar":"","ocean_shortcode_after_top_bar":"","ocean_shortcode_before_header":"","ocean_shortcode_after_header":"","ocean_has_shortcode":"","ocean_shortcode_after_title":"","ocean_shortcode_before_footer_widgets":"","ocean_shortcode_after_footer_widgets":"","ocean_shortcode_before_footer_bottom":"","ocean_shortcode_after_footer_bottom":"","ocean_display_top_bar":"default","ocean_display_header":"default","ocean_header_style":"","ocean_center_header_left_menu":"0","ocean_custom_header_template":"0","ocean_custom_logo":0,"ocean_custom_retina_logo":0,"ocean_custom_logo_max_width":0,"ocean_custom_logo_tablet_max_width":0,"ocean_custom_logo_mobile_max_width":0,"ocean_custom_logo_max_height":0,"ocean_custom_logo_tablet_max_height":0,"ocean_custom_logo_mobile_max_height":0,"ocean_header_custom_menu":"0","ocean_menu_typo_font_family":"0","ocean_menu_typo_font_subset":"","ocean_menu_typo_font_size":0,"ocean_menu_typo_font_size_tablet":0,"ocean_menu_typo_font_size_mobile":0,"ocean_menu_typo_font_size_unit":"px","ocean_menu_typo_font_weight":"","ocean_menu_typo_font_weight_tablet":"","ocean_menu_typo_font_weight_mobile":"","ocean_menu_typo_transform":"","ocean_menu_typo_transform_tablet":"","ocean_menu_typo_transform_mobile":"","ocean_menu_typo_line_height":0,"ocean_menu_typo_line_height_tablet":0,"ocean_menu_typo_line_height_mobile":0,"ocean_menu_typo_line_height_unit":"","ocean_menu_typo_spacing":0,"ocean_menu_typo_spacing_tablet":0,"ocean_menu_typo_spacing_mobile":0,"ocean_menu_typo_spacing_unit":"","ocean_menu_link_color":"","ocean_menu_link_color_hover":"","ocean_menu_link_color_active":"","ocean_menu_link_background":"","ocean_menu_link_hover_background":"","ocean_menu_link_active_background":"","ocean_menu_social_links_bg":"","ocean_menu_social_hover_links_bg":"","ocean_menu_social_links_color":"","ocean_menu_social_hover_links_color":"","ocean_disable_title":"on","ocean_disable_heading":"default","ocean_post_title":"","ocean_post_subheading":"","ocean_post_title_style":"","ocean_post_title_background_color":"","ocean_post_title_background":0,"ocean_post_title_bg_image_position":"","ocean_post_title_bg_image_attachment":"","ocean_post_title_bg_image_repeat":"","ocean_post_title_bg_image_size":"","ocean_post_title_height":0,"ocean_post_title_bg_overlay":0.5,"ocean_post_title_bg_overlay_color":"","ocean_disable_breadcrumbs":"default","ocean_breadcrumbs_color":"","ocean_breadcrumbs_separator_color":"","ocean_breadcrumbs_links_color":"","ocean_breadcrumbs_links_hover_color":"","ocean_display_footer_widgets":"default","ocean_display_footer_bottom":"default","ocean_custom_footer_template":"0","footnotes":""},"class_list":["post-2194","page","type-page","status-publish","hentry","entry"],"_links":{"self":[{"href":"https:\/\/mae.fabricomiweb.com\/index.php\/wp-json\/wp\/v2\/pages\/2194","targetHints":{"allow":["GET"]}}],"collection":[{"href":"https:\/\/mae.fabricomiweb.com\/index.php\/wp-json\/wp\/v2\/pages"}],"about":[{"href":"https:\/\/mae.fabricomiweb.com\/index.php\/wp-json\/wp\/v2\/types\/page"}],"author":[{"embeddable":true,"href":"https:\/\/mae.fabricomiweb.com\/index.php\/wp-json\/wp\/v2\/users\/1"}],"replies":[{"embeddable":true,"href":"https:\/\/mae.fabricomiweb.com\/index.php\/wp-json\/wp\/v2\/comments?post=2194"}],"version-history":[{"count":8,"href":"https:\/\/mae.fabricomiweb.com\/index.php\/wp-json\/wp\/v2\/pages\/2194\/revisions"}],"predecessor-version":[{"id":4421,"href":"https:\/\/mae.fabricomiweb.com\/index.php\/wp-json\/wp\/v2\/pages\/2194\/revisions\/4421"}],"wp:attachment":[{"href":"https:\/\/mae.fabricomiweb.com\/index.php\/wp-json\/wp\/v2\/media?parent=2194"}],"curies":[{"name":"wp","href":"https:\/\/api.w.org\/{rel}","templated":true}]}}