{"id":2397,"date":"2025-05-14T07:51:36","date_gmt":"2025-05-14T07:51:36","guid":{"rendered":"https:\/\/mae.fabricomiweb.es\/?page_id=2397"},"modified":"2025-05-23T11:44:20","modified_gmt":"2025-05-23T11:44:20","slug":"en-portugalete-bilbao-con-amor","status":"publish","type":"page","link":"https:\/\/mae.fabricomiweb.com\/index.php\/en-portugalete-bilbao-con-amor\/","title":{"rendered":"Agenda | Hist\u00f3rico | EN PORTUGALETE (BILBAO) \u00abCON AMOR\u00bb"},"content":{"rendered":"\t\t<div data-elementor-type=\"wp-post\" data-elementor-id=\"2397\" class=\"elementor elementor-2397\">\n\t\t\t\t<div class=\"elementor-element elementor-element-bed527e e-flex e-con-boxed e-con e-parent\" data-id=\"bed527e\" data-element_type=\"container\">\n\t\t\t\t\t<div class=\"e-con-inner\">\n\t\t<div class=\"elementor-element elementor-element-d33249d e-con-full e-flex e-con e-child\" data-id=\"d33249d\" data-element_type=\"container\">\n\t\t<div class=\"elementor-element elementor-element-1ea2ad0 e-con-full e-flex e-con e-child\" data-id=\"1ea2ad0\" data-element_type=\"container\">\n\t\t\t\t<div class=\"elementor-element elementor-element-2f1f56e otros-manifiestos-enlaces elementor-widget elementor-widget-text-editor\" data-id=\"2f1f56e\" data-element_type=\"widget\" data-widget_type=\"text-editor.default\">\n\t\t\t\t<div class=\"elementor-widget-container\">\n\t\t\t\t\t\t\t\t\t<p style=\"text-align: right;\"><a href=\"https:\/\/mae.fabricomiweb.com\/index.php\/agenda\"><strong><span style=\"color: #000000;\">Volver<\/span><\/strong><span style=\"color: #808080;\">atr\u00e1s<\/span> <span style=\"color: #ff9900;\">\/<\/span><\/a><\/p>\t\t\t\t\t\t\t\t<\/div>\n\t\t\t\t<\/div>\n\t\t\t\t<div class=\"elementor-element elementor-element-44515f2 elementor-widget-divider--view-line elementor-widget elementor-widget-divider\" data-id=\"44515f2\" data-element_type=\"widget\" data-widget_type=\"divider.default\">\n\t\t\t\t<div class=\"elementor-widget-container\">\n\t\t\t\t\t\t\t<div class=\"elementor-divider\">\n\t\t\t<span class=\"elementor-divider-separator\">\n\t\t\t\t\t\t<\/span>\n\t\t<\/div>\n\t\t\t\t\t\t<\/div>\n\t\t\t\t<\/div>\n\t\t\t\t<\/div>\n\t\t<div class=\"elementor-element elementor-element-4d94e92 e-con-full e-flex e-con e-child\" data-id=\"4d94e92\" data-element_type=\"container\">\n\t\t<div class=\"elementor-element elementor-element-eded8d0 e-con-full e-flex e-con e-child\" data-id=\"eded8d0\" data-element_type=\"container\">\n\t\t\t\t<div class=\"elementor-element elementor-element-ee47a6a elementor-widget elementor-widget-image\" data-id=\"ee47a6a\" data-element_type=\"widget\" data-widget_type=\"image.default\">\n\t\t\t\t<div class=\"elementor-widget-container\">\n\t\t\t\t\t\t\t\t\t\t\t\t\t\t\t<img fetchpriority=\"high\" decoding=\"async\" width=\"720\" height=\"720\" src=\"https:\/\/mae.fabricomiweb.com\/wp-content\/uploads\/2025\/05\/27062012061328.jpg\" class=\"attachment-large size-large wp-image-2725\" alt=\"\" srcset=\"https:\/\/mae.fabricomiweb.com\/wp-content\/uploads\/2025\/05\/27062012061328.jpg 720w, https:\/\/mae.fabricomiweb.com\/wp-content\/uploads\/2025\/05\/27062012061328-300x300.jpg 300w, https:\/\/mae.fabricomiweb.com\/wp-content\/uploads\/2025\/05\/27062012061328-150x150.jpg 150w, https:\/\/mae.fabricomiweb.com\/wp-content\/uploads\/2025\/05\/27062012061328-600x600.jpg 600w\" sizes=\"(max-width: 720px) 100vw, 720px\" \/>\t\t\t\t\t\t\t\t\t\t\t\t\t\t\t<\/div>\n\t\t\t\t<\/div>\n\t\t<div class=\"elementor-element elementor-element-c5343d9 e-con-full e-flex e-con e-child\" data-id=\"c5343d9\" data-element_type=\"container\">\n\t\t\t\t<div class=\"elementor-element elementor-element-6c1533f elementor-widget elementor-widget-text-editor\" data-id=\"6c1533f\" data-element_type=\"widget\" data-widget_type=\"text-editor.default\">\n\t\t\t\t<div class=\"elementor-widget-container\">\n\t\t\t\t\t\t\t\t\t<p><span style=\"color: #000000;\"><strong>EN PORTUGALETE (BILBAO) \u00abCON AMOR\u00bb<\/strong><\/span><\/p>\t\t\t\t\t\t\t\t<\/div>\n\t\t\t\t<\/div>\n\t\t\t\t<div class=\"elementor-element elementor-element-f679023 elementor-widget elementor-widget-text-editor\" data-id=\"f679023\" data-element_type=\"widget\" data-widget_type=\"text-editor.default\">\n\t\t\t\t<div class=\"elementor-widget-container\">\n\t\t\t\t\t\t\t\t\t<div class=\"amarillo\" align=\"right\"><div class=\"amarillo\" align=\"right\"><span style=\"color: #ff9900;\">Del 06\/07\/2012 al 07\/07\/2012<\/span>\u00a0\/<\/div><h3 class=\"gris\" align=\"right\">&#8211; PORTUGALETE (BILBAO)<\/h3><\/div>\t\t\t\t\t\t\t\t<\/div>\n\t\t\t\t<\/div>\n\t\t\t\t<\/div>\n\t\t\t\t<\/div>\n\t\t\t\t<\/div>\n\t\t<div class=\"elementor-element elementor-element-8ef9d91 e-con-full e-flex e-con e-child\" data-id=\"8ef9d91\" data-element_type=\"container\">\n\t\t<div class=\"elementor-element elementor-element-71f3242 e-con-full e-flex e-con e-child\" data-id=\"71f3242\" data-element_type=\"container\">\n\t\t\t\t<div class=\"elementor-element elementor-element-989a601 elementor-widget elementor-widget-text-editor\" data-id=\"989a601\" data-element_type=\"widget\" data-widget_type=\"text-editor.default\">\n\t\t\t\t<div class=\"elementor-widget-container\">\n\t\t\t\t\t\t\t\t\t<p style=\"text-align: center;\">EL MAE ESTAR\u00c1 EN PORTUGALETE (BILBAO) LOS DIAS 6 Y 7 DE JULIO, DONDE PRESENTAR\u00c1 3 PERFORMANCES QUE TIENEN MUCHO QUE VER CON LA ACCION SOCIAL QUE VIENEN DESARROLLANDO, AS\u00cd COMO CON EL SENTIDO TRAGICOMICO DEL QUE SE ENVUELVEN NUESTROS TRABAJOS\u00a1\u00a1\u00a1. OS ESPERAMOS PARA QUE DISFRUTEIS JUNTO A NOSOTROS\/AS.<\/p><p style=\"text-align: center;\">EN ESTE LUGAR PODRAS CONSULTAR LAS FECHAS, LOS HORARIOS Y LUGARES:<\/p><p style=\"text-align: center;\">http:\/\/bienalexpoesia.blogspot.com.es\/<\/p>\t\t\t\t\t\t\t\t<\/div>\n\t\t\t\t<\/div>\n\t\t\t\t<\/div>\n\t\t\t\t<\/div>\n\t\t\t\t<\/div>\n\t\t\t\t\t<\/div>\n\t\t\t\t<\/div>\n\t\t\t\t<\/div>\n\t\t","protected":false},"excerpt":{"rendered":"<p>Volveratr\u00e1s \/ EN PORTUGALETE (BILBAO) \u00abCON AMOR\u00bb Del 06\/07\/2012 al 07\/07\/2012\u00a0\/ &#8211; PORTUGALETE (BILBAO) EL MAE ESTAR\u00c1 EN PORTUGALETE (BILBAO) LOS DIAS 6 Y 7 DE JULIO, DONDE PRESENTAR\u00c1 3 PERFORMANCES QUE TIENEN MUCHO QUE VER CON LA ACCION SOCIAL QUE VIENEN DESARROLLANDO, AS\u00cd COMO CON EL SENTIDO TRAGICOMICO DEL QUE SE ENVUELVEN NUESTROS TRABAJOS\u00a1\u00a1\u00a1. [&hellip;]<\/p>\n","protected":false},"author":1,"featured_media":0,"parent":0,"menu_order":0,"comment_status":"closed","ping_status":"closed","template":"","meta":{"ocean_post_layout":"full-screen","ocean_both_sidebars_style":"","ocean_both_sidebars_content_width":0,"ocean_both_sidebars_sidebars_width":0,"ocean_sidebar":"0","ocean_second_sidebar":"0","ocean_disable_margins":"enable","ocean_add_body_class":"","ocean_shortcode_before_top_bar":"","ocean_shortcode_after_top_bar":"","ocean_shortcode_before_header":"","ocean_shortcode_after_header":"","ocean_has_shortcode":"","ocean_shortcode_after_title":"","ocean_shortcode_before_footer_widgets":"","ocean_shortcode_after_footer_widgets":"","ocean_shortcode_before_footer_bottom":"","ocean_shortcode_after_footer_bottom":"","ocean_display_top_bar":"default","ocean_display_header":"default","ocean_header_style":"","ocean_center_header_left_menu":"0","ocean_custom_header_template":"0","ocean_custom_logo":0,"ocean_custom_retina_logo":0,"ocean_custom_logo_max_width":0,"ocean_custom_logo_tablet_max_width":0,"ocean_custom_logo_mobile_max_width":0,"ocean_custom_logo_max_height":0,"ocean_custom_logo_tablet_max_height":0,"ocean_custom_logo_mobile_max_height":0,"ocean_header_custom_menu":"0","ocean_menu_typo_font_family":"0","ocean_menu_typo_font_subset":"","ocean_menu_typo_font_size":0,"ocean_menu_typo_font_size_tablet":0,"ocean_menu_typo_font_size_mobile":0,"ocean_menu_typo_font_size_unit":"px","ocean_menu_typo_font_weight":"","ocean_menu_typo_font_weight_tablet":"","ocean_menu_typo_font_weight_mobile":"","ocean_menu_typo_transform":"","ocean_menu_typo_transform_tablet":"","ocean_menu_typo_transform_mobile":"","ocean_menu_typo_line_height":0,"ocean_menu_typo_line_height_tablet":0,"ocean_menu_typo_line_height_mobile":0,"ocean_menu_typo_line_height_unit":"","ocean_menu_typo_spacing":0,"ocean_menu_typo_spacing_tablet":0,"ocean_menu_typo_spacing_mobile":0,"ocean_menu_typo_spacing_unit":"","ocean_menu_link_color":"","ocean_menu_link_color_hover":"","ocean_menu_link_color_active":"","ocean_menu_link_background":"","ocean_menu_link_hover_background":"","ocean_menu_link_active_background":"","ocean_menu_social_links_bg":"","ocean_menu_social_hover_links_bg":"","ocean_menu_social_links_color":"","ocean_menu_social_hover_links_color":"","ocean_disable_title":"on","ocean_disable_heading":"default","ocean_post_title":"","ocean_post_subheading":"","ocean_post_title_style":"","ocean_post_title_background_color":"","ocean_post_title_background":0,"ocean_post_title_bg_image_position":"","ocean_post_title_bg_image_attachment":"","ocean_post_title_bg_image_repeat":"","ocean_post_title_bg_image_size":"","ocean_post_title_height":0,"ocean_post_title_bg_overlay":0.5,"ocean_post_title_bg_overlay_color":"","ocean_disable_breadcrumbs":"default","ocean_breadcrumbs_color":"","ocean_breadcrumbs_separator_color":"","ocean_breadcrumbs_links_color":"","ocean_breadcrumbs_links_hover_color":"","ocean_display_footer_widgets":"default","ocean_display_footer_bottom":"default","ocean_custom_footer_template":"0","footnotes":""},"class_list":["post-2397","page","type-page","status-publish","hentry","entry"],"_links":{"self":[{"href":"https:\/\/mae.fabricomiweb.com\/index.php\/wp-json\/wp\/v2\/pages\/2397","targetHints":{"allow":["GET"]}}],"collection":[{"href":"https:\/\/mae.fabricomiweb.com\/index.php\/wp-json\/wp\/v2\/pages"}],"about":[{"href":"https:\/\/mae.fabricomiweb.com\/index.php\/wp-json\/wp\/v2\/types\/page"}],"author":[{"embeddable":true,"href":"https:\/\/mae.fabricomiweb.com\/index.php\/wp-json\/wp\/v2\/users\/1"}],"replies":[{"embeddable":true,"href":"https:\/\/mae.fabricomiweb.com\/index.php\/wp-json\/wp\/v2\/comments?post=2397"}],"version-history":[{"count":11,"href":"https:\/\/mae.fabricomiweb.com\/index.php\/wp-json\/wp\/v2\/pages\/2397\/revisions"}],"predecessor-version":[{"id":4592,"href":"https:\/\/mae.fabricomiweb.com\/index.php\/wp-json\/wp\/v2\/pages\/2397\/revisions\/4592"}],"wp:attachment":[{"href":"https:\/\/mae.fabricomiweb.com\/index.php\/wp-json\/wp\/v2\/media?parent=2397"}],"curies":[{"name":"wp","href":"https:\/\/api.w.org\/{rel}","templated":true}]}}