{"id":3478,"date":"2025-05-19T08:03:14","date_gmt":"2025-05-19T08:03:14","guid":{"rendered":"https:\/\/mae.fabricomiweb.es\/?page_id=3478"},"modified":"2025-05-23T11:25:29","modified_gmt":"2025-05-23T11:25:29","slug":"multimedias-acciones","status":"publish","type":"page","link":"https:\/\/mae.fabricomiweb.com\/index.php\/multimedias-acciones\/","title":{"rendered":"Multimedias | Acciones"},"content":{"rendered":"\t\t<div data-elementor-type=\"wp-post\" data-elementor-id=\"3478\" class=\"elementor elementor-3478\">\n\t\t\t\t<div class=\"elementor-element elementor-element-5c47b0a e-flex e-con-boxed e-con e-parent\" data-id=\"5c47b0a\" data-element_type=\"container\">\n\t\t\t\t\t<div class=\"e-con-inner\">\n\t\t<div class=\"elementor-element elementor-element-e2a8550 e-con-full e-flex e-con e-child\" data-id=\"e2a8550\" data-element_type=\"container\">\n\t\t<div class=\"elementor-element elementor-element-f59ac01 e-con-full e-flex e-con e-child\" data-id=\"f59ac01\" data-element_type=\"container\">\n\t\t\t\t<div class=\"elementor-element elementor-element-26c6154 otros-manifiestos-enlaces elementor-widget elementor-widget-text-editor\" data-id=\"26c6154\" data-element_type=\"widget\" data-widget_type=\"text-editor.default\">\n\t\t\t\t<div class=\"elementor-widget-container\">\n\t\t\t\t\t\t\t\t\t<p style=\"text-align: right;\"><a href=\"https:\/\/mae.fabricomiweb.com\/index.php\/multimedias\/\"><span style=\"color: #808080;\"><b style=\"color: #000000;\">Volver<\/b><span style=\"color: #808080;\">atr\u00e1s<\/span><\/span>\u00a0<span style=\"color: #ff9900;\">\/<\/span><\/a><\/p>\t\t\t\t\t\t\t\t<\/div>\n\t\t\t\t<\/div>\n\t\t\t\t<div class=\"elementor-element elementor-element-ea054c4 elementor-widget-divider--view-line elementor-widget elementor-widget-divider\" data-id=\"ea054c4\" data-element_type=\"widget\" data-widget_type=\"divider.default\">\n\t\t\t\t<div class=\"elementor-widget-container\">\n\t\t\t\t\t\t\t<div class=\"elementor-divider\">\n\t\t\t<span class=\"elementor-divider-separator\">\n\t\t\t\t\t\t<\/span>\n\t\t<\/div>\n\t\t\t\t\t\t<\/div>\n\t\t\t\t<\/div>\n\t\t\t\t<div class=\"elementor-element elementor-element-817a70d elementor-widget elementor-widget-text-editor\" data-id=\"817a70d\" data-element_type=\"widget\" data-widget_type=\"text-editor.default\">\n\t\t\t\t<div class=\"elementor-widget-container\">\n\t\t\t\t\t\t\t\t\t<p><span style=\"color: #808080;\">Transp\u00f3rtame, cari\u00f1o<\/span><\/p>\t\t\t\t\t\t\t\t<\/div>\n\t\t\t\t<\/div>\n\t\t<div class=\"elementor-element elementor-element-462f9bf e-con-full e-flex e-con e-child\" data-id=\"462f9bf\" data-element_type=\"container\">\n\t\t<div class=\"elementor-element elementor-element-9597d8b e-con-full e-flex e-con e-child\" data-id=\"9597d8b\" data-element_type=\"container\">\n\t\t\t\t<div class=\"elementor-element elementor-element-95b3df8 elementor-widget elementor-widget-text-editor\" data-id=\"95b3df8\" data-element_type=\"widget\" data-widget_type=\"text-editor.default\">\n\t\t\t\t<div class=\"elementor-widget-container\">\n\t\t\t\t\t\t\t\t\t<p style=\"text-align: right;\"><span style=\"color: #808080;\">Espeluznante acci\u00f3n en los autobuses urbanos que puso en grave riesgo la integridad de los miembros del MAE.<\/span><\/p>\t\t\t\t\t\t\t\t<\/div>\n\t\t\t\t<\/div>\n\t\t\t\t<\/div>\n\t\t<div class=\"elementor-element elementor-element-ca9ac31 e-con-full e-flex e-con e-child\" data-id=\"ca9ac31\" data-element_type=\"container\">\n\t\t\t\t<div class=\"elementor-element elementor-element-aef831e elementor-widget elementor-widget-video\" data-id=\"aef831e\" data-element_type=\"widget\" data-settings=\"{&quot;youtube_url&quot;:&quot;http:\\\/\\\/www.youtube.com\\\/v\\\/xc36_D2MVqQ&quot;,&quot;video_type&quot;:&quot;youtube&quot;,&quot;controls&quot;:&quot;yes&quot;}\" data-widget_type=\"video.default\">\n\t\t\t\t<div class=\"elementor-widget-container\">\n\t\t\t\t\t\t\t<div class=\"elementor-wrapper elementor-open-inline\">\n\t\t\t<div class=\"elementor-video\"><\/div>\t\t<\/div>\n\t\t\t\t\t\t<\/div>\n\t\t\t\t<\/div>\n\t\t\t\t<\/div>\n\t\t\t\t<\/div>\n\t\t\t\t<\/div>\n\t\t<div class=\"elementor-element elementor-element-85483b8 e-con-full e-flex e-con e-child\" data-id=\"85483b8\" data-element_type=\"container\">\n\t\t\t\t<div class=\"elementor-element elementor-element-850af36 elementor-widget-divider--view-line elementor-widget elementor-widget-divider\" data-id=\"850af36\" data-element_type=\"widget\" data-widget_type=\"divider.default\">\n\t\t\t\t<div class=\"elementor-widget-container\">\n\t\t\t\t\t\t\t<div class=\"elementor-divider\">\n\t\t\t<span class=\"elementor-divider-separator\">\n\t\t\t\t\t\t<\/span>\n\t\t<\/div>\n\t\t\t\t\t\t<\/div>\n\t\t\t\t<\/div>\n\t\t\t\t<\/div>\n\t\t\t\t<\/div>\n\t\t<div class=\"elementor-element elementor-element-5642716 e-con-full e-flex e-con e-child\" data-id=\"5642716\" data-element_type=\"container\">\n\t\t\t\t<div class=\"elementor-element elementor-element-0f025dc elementor-widget elementor-widget-text-editor\" data-id=\"0f025dc\" data-element_type=\"widget\" data-widget_type=\"text-editor.default\">\n\t\t\t\t<div class=\"elementor-widget-container\">\n\t\t\t\t\t\t\t\t\t<p><span style=\"color: #000000;\"><strong>multimedia<span style=\"color: #ff9900;\">*<\/span><\/strong><\/span><\/p>\t\t\t\t\t\t\t\t<\/div>\n\t\t\t\t<\/div>\n\t\t\t\t<div class=\"elementor-element elementor-element-6904e06 elementor-widget elementor-widget-text-editor\" data-id=\"6904e06\" data-element_type=\"widget\" data-widget_type=\"text-editor.default\">\n\t\t\t\t<div class=\"elementor-widget-container\">\n\t\t\t\t\t\t\t\t\t<p style=\"text-align: center;\"><span style=\"color: #808080;\">ACCIONES (rastros)<\/span><\/p>\t\t\t\t\t\t\t\t<\/div>\n\t\t\t\t<\/div>\n\t\t<div class=\"elementor-element elementor-element-5f7c1a7 e-con-full e-flex e-con e-child\" data-id=\"5f7c1a7\" data-element_type=\"container\">\n\t\t\t\t<div class=\"elementor-element elementor-element-616118a otros-manifiestos-enlaces elementor-widget elementor-widget-text-editor\" data-id=\"616118a\" data-element_type=\"widget\" data-widget_type=\"text-editor.default\">\n\t\t\t\t<div class=\"elementor-widget-container\">\n\t\t\t\t\t\t\t\t\t<p><a href=\"https:\/\/mae.fabricomiweb.com\/index.php\/multimedias-cortosysimilares\"><span style=\"color: #808080;\">\/ CORTOS Y SIMILARES<\/span><\/a><\/p>\t\t\t\t\t\t\t\t<\/div>\n\t\t\t\t<\/div>\n\t\t\t\t<div class=\"elementor-element elementor-element-bd38e10 otros-manifiestos-enlaces elementor-widget elementor-widget-text-editor\" data-id=\"bd38e10\" data-element_type=\"widget\" data-widget_type=\"text-editor.default\">\n\t\t\t\t<div class=\"elementor-widget-container\">\n\t\t\t\t\t\t\t\t\t<p><a href=\"https:\/\/mae.fabricomiweb.com\/index.php\/multimedias-descargas\"><span style=\"color: #808080;\">\/ DESCARGAS<\/span><\/a><\/p>\t\t\t\t\t\t\t\t<\/div>\n\t\t\t\t<\/div>\n\t\t\t\t<div class=\"elementor-element elementor-element-cba2a42 otros-manifiestos-enlaces elementor-widget elementor-widget-text-editor\" data-id=\"cba2a42\" data-element_type=\"widget\" data-widget_type=\"text-editor.default\">\n\t\t\t\t<div class=\"elementor-widget-container\">\n\t\t\t\t\t\t\t\t\t<p><a href=\"https:\/\/mae.fabricomiweb.com\/index.php\/multimedias-momentosestelares\"><span style=\"color: #808080;\">\/ MOMENTOS ESTELARES DEL FLAMENCO DECONSTUIDO<\/span><\/a><\/p>\t\t\t\t\t\t\t\t<\/div>\n\t\t\t\t<\/div>\n\t\t\t\t<div class=\"elementor-element elementor-element-763bb00 otros-manifiestos-enlaces elementor-widget elementor-widget-text-editor\" data-id=\"763bb00\" data-element_type=\"widget\" data-widget_type=\"text-editor.default\">\n\t\t\t\t<div class=\"elementor-widget-container\">\n\t\t\t\t\t\t\t\t\t<p><a href=\"https:\/\/mae.fabricomiweb.com\/index.php\/multimedias-acciones\"><span style=\"color: #808080;\">\/ <strong><span style=\"color: #000000;\">ACCIONES (rastros)<\/span><\/strong><\/span><\/a><\/p>\t\t\t\t\t\t\t\t<\/div>\n\t\t\t\t<\/div>\n\t\t\t\t<div class=\"elementor-element elementor-element-d81e7ec otros-manifiestos-enlaces elementor-widget elementor-widget-text-editor\" data-id=\"d81e7ec\" data-element_type=\"widget\" data-widget_type=\"text-editor.default\">\n\t\t\t\t<div class=\"elementor-widget-container\">\n\t\t\t\t\t\t\t\t\t<p><a href=\"https:\/\/mae.fabricomiweb.com\/index.php\/multimedias-piezasradiofonicas\"><span style=\"color: #808080;\">\/ PIEZAS RADIOF\u00d3NICAS<\/span><\/a><\/p>\t\t\t\t\t\t\t\t<\/div>\n\t\t\t\t<\/div>\n\t\t\t\t<div class=\"elementor-element elementor-element-54d957f otros-manifiestos-enlaces elementor-widget elementor-widget-text-editor\" data-id=\"54d957f\" data-element_type=\"widget\" data-widget_type=\"text-editor.default\">\n\t\t\t\t<div class=\"elementor-widget-container\">\n\t\t\t\t\t\t\t\t\t<p><a href=\"https:\/\/mae.fabricomiweb.com\/index.php\/multimedias-bandassonoras\"><span style=\"color: #808080;\">\/ BANDAS SONORAS creadas para nuestras acciones<\/span><\/a><\/p>\t\t\t\t\t\t\t\t<\/div>\n\t\t\t\t<\/div>\n\t\t\t\t<\/div>\n\t\t\t\t<\/div>\n\t\t\t\t\t<\/div>\n\t\t\t\t<\/div>\n\t\t<div class=\"elementor-element elementor-element-d6bf2fc e-flex e-con-boxed e-con e-parent\" data-id=\"d6bf2fc\" data-element_type=\"container\">\n\t\t\t\t\t<div class=\"e-con-inner\">\n\t\t\t\t\t<\/div>\n\t\t\t\t<\/div>\n\t\t\t\t<\/div>\n\t\t","protected":false},"excerpt":{"rendered":"<p>Volveratr\u00e1s\u00a0\/ Transp\u00f3rtame, cari\u00f1o Espeluznante acci\u00f3n en los autobuses urbanos que puso en grave riesgo la integridad de los miembros del MAE. http:\/\/www.youtube.com\/v\/xc36_D2MVqQ multimedia* ACCIONES (rastros) \/ CORTOS Y SIMILARES \/ DESCARGAS \/ MOMENTOS ESTELARES DEL FLAMENCO DECONSTUIDO \/ ACCIONES (rastros) \/ PIEZAS RADIOF\u00d3NICAS \/ BANDAS SONORAS creadas para nuestras acciones<\/p>\n","protected":false},"author":1,"featured_media":0,"parent":0,"menu_order":0,"comment_status":"closed","ping_status":"closed","template":"","meta":{"ocean_post_layout":"full-screen","ocean_both_sidebars_style":"","ocean_both_sidebars_content_width":0,"ocean_both_sidebars_sidebars_width":0,"ocean_sidebar":"0","ocean_second_sidebar":"0","ocean_disable_margins":"enable","ocean_add_body_class":"","ocean_shortcode_before_top_bar":"","ocean_shortcode_after_top_bar":"","ocean_shortcode_before_header":"","ocean_shortcode_after_header":"","ocean_has_shortcode":"","ocean_shortcode_after_title":"","ocean_shortcode_before_footer_widgets":"","ocean_shortcode_after_footer_widgets":"","ocean_shortcode_before_footer_bottom":"","ocean_shortcode_after_footer_bottom":"","ocean_display_top_bar":"default","ocean_display_header":"default","ocean_header_style":"","ocean_center_header_left_menu":"0","ocean_custom_header_template":"0","ocean_custom_logo":0,"ocean_custom_retina_logo":0,"ocean_custom_logo_max_width":0,"ocean_custom_logo_tablet_max_width":0,"ocean_custom_logo_mobile_max_width":0,"ocean_custom_logo_max_height":0,"ocean_custom_logo_tablet_max_height":0,"ocean_custom_logo_mobile_max_height":0,"ocean_header_custom_menu":"0","ocean_menu_typo_font_family":"0","ocean_menu_typo_font_subset":"","ocean_menu_typo_font_size":0,"ocean_menu_typo_font_size_tablet":0,"ocean_menu_typo_font_size_mobile":0,"ocean_menu_typo_font_size_unit":"px","ocean_menu_typo_font_weight":"","ocean_menu_typo_font_weight_tablet":"","ocean_menu_typo_font_weight_mobile":"","ocean_menu_typo_transform":"","ocean_menu_typo_transform_tablet":"","ocean_menu_typo_transform_mobile":"","ocean_menu_typo_line_height":0,"ocean_menu_typo_line_height_tablet":0,"ocean_menu_typo_line_height_mobile":0,"ocean_menu_typo_line_height_unit":"","ocean_menu_typo_spacing":0,"ocean_menu_typo_spacing_tablet":0,"ocean_menu_typo_spacing_mobile":0,"ocean_menu_typo_spacing_unit":"","ocean_menu_link_color":"","ocean_menu_link_color_hover":"","ocean_menu_link_color_active":"","ocean_menu_link_background":"","ocean_menu_link_hover_background":"","ocean_menu_link_active_background":"","ocean_menu_social_links_bg":"","ocean_menu_social_hover_links_bg":"","ocean_menu_social_links_color":"","ocean_menu_social_hover_links_color":"","ocean_disable_title":"on","ocean_disable_heading":"default","ocean_post_title":"","ocean_post_subheading":"","ocean_post_title_style":"","ocean_post_title_background_color":"","ocean_post_title_background":0,"ocean_post_title_bg_image_position":"","ocean_post_title_bg_image_attachment":"","ocean_post_title_bg_image_repeat":"","ocean_post_title_bg_image_size":"","ocean_post_title_height":0,"ocean_post_title_bg_overlay":0.5,"ocean_post_title_bg_overlay_color":"","ocean_disable_breadcrumbs":"default","ocean_breadcrumbs_color":"","ocean_breadcrumbs_separator_color":"","ocean_breadcrumbs_links_color":"","ocean_breadcrumbs_links_hover_color":"","ocean_display_footer_widgets":"default","ocean_display_footer_bottom":"default","ocean_custom_footer_template":"0","footnotes":""},"class_list":["post-3478","page","type-page","status-publish","hentry","entry"],"_links":{"self":[{"href":"https:\/\/mae.fabricomiweb.com\/index.php\/wp-json\/wp\/v2\/pages\/3478","targetHints":{"allow":["GET"]}}],"collection":[{"href":"https:\/\/mae.fabricomiweb.com\/index.php\/wp-json\/wp\/v2\/pages"}],"about":[{"href":"https:\/\/mae.fabricomiweb.com\/index.php\/wp-json\/wp\/v2\/types\/page"}],"author":[{"embeddable":true,"href":"https:\/\/mae.fabricomiweb.com\/index.php\/wp-json\/wp\/v2\/users\/1"}],"replies":[{"embeddable":true,"href":"https:\/\/mae.fabricomiweb.com\/index.php\/wp-json\/wp\/v2\/comments?post=3478"}],"version-history":[{"count":35,"href":"https:\/\/mae.fabricomiweb.com\/index.php\/wp-json\/wp\/v2\/pages\/3478\/revisions"}],"predecessor-version":[{"id":4468,"href":"https:\/\/mae.fabricomiweb.com\/index.php\/wp-json\/wp\/v2\/pages\/3478\/revisions\/4468"}],"wp:attachment":[{"href":"https:\/\/mae.fabricomiweb.com\/index.php\/wp-json\/wp\/v2\/media?parent=3478"}],"curies":[{"name":"wp","href":"https:\/\/api.w.org\/{rel}","templated":true}]}}