{"id":3824,"date":"2025-05-22T07:59:40","date_gmt":"2025-05-22T07:59:40","guid":{"rendered":"https:\/\/mae.fabricomiweb.es\/?page_id=3824"},"modified":"2025-05-23T11:21:27","modified_gmt":"2025-05-23T11:21:27","slug":"tienda-el-capital-tal-cual-10","status":"publish","type":"page","link":"https:\/\/mae.fabricomiweb.com\/index.php\/tienda-el-capital-tal-cual-10\/","title":{"rendered":"Tienda | El Capital Tal Cual 10"},"content":{"rendered":"\t\t<div data-elementor-type=\"wp-post\" data-elementor-id=\"3824\" class=\"elementor elementor-3824\">\n\t\t\t\t<div class=\"elementor-element elementor-element-5c47b0a e-flex e-con-boxed e-con e-parent\" data-id=\"5c47b0a\" data-element_type=\"container\">\n\t\t\t\t\t<div class=\"e-con-inner\">\n\t\t<div class=\"elementor-element elementor-element-39f1192 e-con-full e-flex e-con e-child\" data-id=\"39f1192\" data-element_type=\"container\">\n\t\t\t\t<div class=\"elementor-element elementor-element-add7023 elementor-widget elementor-widget-text-editor\" data-id=\"add7023\" data-element_type=\"widget\" data-widget_type=\"text-editor.default\">\n\t\t\t\t<div class=\"elementor-widget-container\">\n\t\t\t\t\t\t\t\t\t<p><span style=\"color: #000000;\"><strong><span style=\"color: #ff9900;\"><span style=\"color: #000000;\">tienda<\/span><\/span><span style=\"color: #ff9900;\">*<\/span><\/strong><\/span><\/p>\t\t\t\t\t\t\t\t<\/div>\n\t\t\t\t<\/div>\n\t\t<div class=\"elementor-element elementor-element-98b7cac e-con-full e-flex e-con e-child\" data-id=\"98b7cac\" data-element_type=\"container\">\n\t\t\t\t<div class=\"elementor-element elementor-element-f979314 otros-manifiestos-enlaces elementor-widget elementor-widget-text-editor\" data-id=\"f979314\" data-element_type=\"widget\" data-widget_type=\"text-editor.default\">\n\t\t\t\t<div class=\"elementor-widget-container\">\n\t\t\t\t\t\t\t\t\t<p><span style=\"color: #808080;\">\/ <strong><span style=\"color: #000000;\"><a style=\"color: #000000;\" href=\"https:\/\/mae.fabricomiweb.com\/index.php\/tienda-maniobras\/\">MANIOBRAS<\/a><\/span><\/strong><\/span><\/p>\t\t\t\t\t\t\t\t<\/div>\n\t\t\t\t<\/div>\n\t\t\t\t<div class=\"elementor-element elementor-element-e83f02a otros-manifiestos-enlaces elementor-widget elementor-widget-text-editor\" data-id=\"e83f02a\" data-element_type=\"widget\" data-widget_type=\"text-editor.default\">\n\t\t\t\t<div class=\"elementor-widget-container\">\n\t\t\t\t\t\t\t\t\t<p><span style=\"color: #808080;\">\/<span style=\"color: #999999;\"> <a style=\"color: #999999;\" href=\"https:\/\/mae.fabricomiweb.com\/index.php\/tienda-descargas\/\">DESCARGAS<\/a><\/span><\/span><\/p>\t\t\t\t\t\t\t\t<\/div>\n\t\t\t\t<\/div>\n\t\t\t\t<\/div>\n\t\t\t\t<\/div>\n\t\t<div class=\"elementor-element elementor-element-e2a8550 e-con-full e-flex e-con e-child\" data-id=\"e2a8550\" data-element_type=\"container\">\n\t\t<div class=\"elementor-element elementor-element-f59ac01 e-con-full e-flex e-con e-child\" data-id=\"f59ac01\" data-element_type=\"container\">\n\t\t\t\t<div class=\"elementor-element elementor-element-66006ab elementor-alert-warning elementor-widget elementor-widget-alert\" data-id=\"66006ab\" data-element_type=\"widget\" data-widget_type=\"alert.default\">\n\t\t\t\t<div class=\"elementor-widget-container\">\n\t\t\t\t\t\t\t<div class=\"elementor-alert\" role=\"alert\">\n\n\t\t\t\t\t\t<span class=\"elementor-alert-title\">\u00a1ATENCI\u00d3N!<\/span>\n\t\t\t\n\t\t\t\t\t\t<span class=\"elementor-alert-description\">Actualmente la tienda no posee ning\u00fan tipo de funcionalidad, por lo que esta secci\u00f3n es \u00fanicamente una recreaci\u00f3n de la tienda original. Disculpen las molestias.<\/span>\n\t\t\t\n\t\t\t\t\t\t<button type=\"button\" class=\"elementor-alert-dismiss\" aria-label=\"Descartar esta alerta.\">\n\t\t\t\t\t\t\t\t\t<span aria-hidden=\"true\">&times;<\/span>\n\t\t\t\t\t\t\t<\/button>\n\t\t\t\n\t\t<\/div>\n\t\t\t\t\t\t<\/div>\n\t\t\t\t<\/div>\n\t\t<div class=\"elementor-element elementor-element-3624021 e-con-full e-grid e-con e-child\" data-id=\"3624021\" data-element_type=\"container\">\n\t\t\t\t<div class=\"elementor-element elementor-element-abf5196 otros-manifiestos-enlaces elementor-widget elementor-widget-text-editor\" data-id=\"abf5196\" data-element_type=\"widget\" data-widget_type=\"text-editor.default\">\n\t\t\t\t<div class=\"elementor-widget-container\">\n\t\t\t\t\t\t\t\t\t<p><a href=\"https:\/\/mae.fabricomiweb.com\/index.php\/tienda-carro\/\"><span style=\"color: #808080;\">0<\/span> <span style=\"color: #000000;\"><strong>art\u00edculos<\/strong><\/span> <span style=\"color: #808080;\">en el<\/span><strong> <span style=\"color: #000000;\">carro<\/span><\/strong> <span style=\"color: #ff9900;\">&lt;&lt;<\/span><\/a><\/p>\t\t\t\t\t\t\t\t<\/div>\n\t\t\t\t<\/div>\n\t\t\t\t<div class=\"elementor-element elementor-element-26c6154 otros-manifiestos-enlaces elementor-widget elementor-widget-text-editor\" data-id=\"26c6154\" data-element_type=\"widget\" data-widget_type=\"text-editor.default\">\n\t\t\t\t<div class=\"elementor-widget-container\">\n\t\t\t\t\t\t\t\t\t<p style=\"text-align: right;\"><a href=\"https:\/\/mae.fabricomiweb.com\/index.php\/tienda-maniobras\/\"><span style=\"color: #ff9900;\"><span style=\"color: #000000;\"><b>Volver <\/b><span style=\"color: #999999;\">a<\/span><b> MANIOBRAS<\/b><\/span><\/span><\/a> <span style=\"color: #ff9900;\">\/<\/span><\/p>\t\t\t\t\t\t\t\t<\/div>\n\t\t\t\t<\/div>\n\t\t\t\t<\/div>\n\t\t\t\t<div class=\"elementor-element elementor-element-ea054c4 elementor-widget-divider--view-line elementor-widget elementor-widget-divider\" data-id=\"ea054c4\" data-element_type=\"widget\" data-widget_type=\"divider.default\">\n\t\t\t\t<div class=\"elementor-widget-container\">\n\t\t\t\t\t\t\t<div class=\"elementor-divider\">\n\t\t\t<span class=\"elementor-divider-separator\">\n\t\t\t\t\t\t<\/span>\n\t\t<\/div>\n\t\t\t\t\t\t<\/div>\n\t\t\t\t<\/div>\n\t\t<div class=\"elementor-element elementor-element-17dedaa e-con-full e-grid e-con e-child\" data-id=\"17dedaa\" data-element_type=\"container\">\n\t\t\t\t<div class=\"elementor-element elementor-element-5e01c72 elementor-widget elementor-widget-text-editor\" data-id=\"5e01c72\" data-element_type=\"widget\" data-widget_type=\"text-editor.default\">\n\t\t\t\t<div class=\"elementor-widget-container\">\n\t\t\t\t\t\t\t\t\t<p><span style=\"color: #000000;\"><strong>Ficha de producto<\/strong><\/span><\/p>\t\t\t\t\t\t\t\t<\/div>\n\t\t\t\t<\/div>\n\t\t\t\t<div class=\"elementor-element elementor-element-7d471c6 otros-manifiestos-enlaces elementor-widget elementor-widget-text-editor\" data-id=\"7d471c6\" data-element_type=\"widget\" data-widget_type=\"text-editor.default\">\n\t\t\t\t<div class=\"elementor-widget-container\">\n\t\t\t\t\t\t\t\t\t<p style=\"text-align: right;\"><span style=\"color: #ff9900;\">&lt;&lt; <a href=\"https:\/\/mae.fabricomiweb.com\/index.php\/tienda\/\"><strong><span style=\"color: #000000;\">Ir <\/span><\/strong><span style=\"color: #999999;\">a<\/span><strong><span style=\"color: #000000;\"> Escaparate<\/span><\/strong><\/a><\/span><\/p>\t\t\t\t\t\t\t\t<\/div>\n\t\t\t\t<\/div>\n\t\t\t\t<\/div>\n\t\t<div class=\"elementor-element elementor-element-723d7c7 e-con-full e-flex e-con e-child\" data-id=\"723d7c7\" data-element_type=\"container\">\n\t\t\t\t<div class=\"elementor-element elementor-element-f510d58 elementor-widget elementor-widget-text-editor\" data-id=\"f510d58\" data-element_type=\"widget\" data-widget_type=\"text-editor.default\">\n\t\t\t\t<div class=\"elementor-widget-container\">\n\t\t\t\t\t\t\t\t\t<p><span style=\"color: #000000;\"><strong>EL CAPITAL TAL CUAL 10:<\/strong><\/span><\/p>\t\t\t\t\t\t\t\t<\/div>\n\t\t\t\t<\/div>\n\t\t\t\t<div class=\"elementor-element elementor-element-4fc4644 elementor-widget elementor-widget-text-editor\" data-id=\"4fc4644\" data-element_type=\"widget\" data-widget_type=\"text-editor.default\">\n\t\t\t\t<div class=\"elementor-widget-container\">\n\t\t\t\t\t\t\t\t\t<div id=\"contenido_ficha\" align=\"left\"><div id=\"deslart\" class=\"txt_peq\"><span style=\"color: #999999;\">(EL CAPITAL TAL CUAL es una maniobra de MAE en su nuevo empe\u00f1o por cambiar el mundo)<\/span><\/div><\/div>\t\t\t\t\t\t\t\t<\/div>\n\t\t\t\t<\/div>\n\t\t\t\t<div class=\"elementor-element elementor-element-3a17fcd elementor-widget-divider--view-line elementor-widget elementor-widget-divider\" data-id=\"3a17fcd\" data-element_type=\"widget\" data-widget_type=\"divider.default\">\n\t\t\t\t<div class=\"elementor-widget-container\">\n\t\t\t\t\t\t\t<div class=\"elementor-divider\">\n\t\t\t<span class=\"elementor-divider-separator\">\n\t\t\t\t\t\t<\/span>\n\t\t<\/div>\n\t\t\t\t\t\t<\/div>\n\t\t\t\t<\/div>\n\t\t<div class=\"elementor-element elementor-element-fcd850d e-con-full e-flex e-con e-child\" data-id=\"fcd850d\" data-element_type=\"container\">\n\t\t<div class=\"elementor-element elementor-element-f7f9836 e-grid e-con-full e-con e-child\" data-id=\"f7f9836\" data-element_type=\"container\">\n\t\t\t\t<div class=\"elementor-element elementor-element-6f9e05f elementor-widget elementor-widget-image\" data-id=\"6f9e05f\" data-element_type=\"widget\" data-widget_type=\"image.default\">\n\t\t\t\t<div class=\"elementor-widget-container\">\n\t\t\t\t\t\t\t\t\t\t\t\t\t\t\t<img fetchpriority=\"high\" decoding=\"async\" width=\"640\" height=\"427\" src=\"https:\/\/mae.fabricomiweb.com\/wp-content\/uploads\/2025\/05\/06022011231307.jpg\" class=\"attachment-large size-large wp-image-3834\" alt=\"\" srcset=\"https:\/\/mae.fabricomiweb.com\/wp-content\/uploads\/2025\/05\/06022011231307.jpg 640w, https:\/\/mae.fabricomiweb.com\/wp-content\/uploads\/2025\/05\/06022011231307-300x200.jpg 300w\" sizes=\"(max-width: 640px) 100vw, 640px\" \/>\t\t\t\t\t\t\t\t\t\t\t\t\t\t\t<\/div>\n\t\t\t\t<\/div>\n\t\t<div class=\"elementor-element elementor-element-0db9ed8 e-con-full e-flex e-con e-child\" data-id=\"0db9ed8\" data-element_type=\"container\">\n\t\t<div class=\"elementor-element elementor-element-4225b6d e-con-full e-grid e-con e-child\" data-id=\"4225b6d\" data-element_type=\"container\">\n\t\t\t\t<div class=\"elementor-element elementor-element-b71a0d2 elementor-widget elementor-widget-text-editor\" data-id=\"b71a0d2\" data-element_type=\"widget\" data-widget_type=\"text-editor.default\">\n\t\t\t\t<div class=\"elementor-widget-container\">\n\t\t\t\t\t\t\t\t\t<p><strong><span style=\"color: #000000;\">14,00 \u20ac<\/span><\/strong><\/p>\t\t\t\t\t\t\t\t<\/div>\n\t\t\t\t<\/div>\n\t\t\t\t<div class=\"elementor-element elementor-element-ff8721d elementor-widget__width-auto elementor-widget elementor-widget-html\" data-id=\"ff8721d\" data-element_type=\"widget\" data-widget_type=\"html.default\">\n\t\t\t\t<div class=\"elementor-widget-container\">\n\t\t\t\t\t<div style=\"display: flex; align-items: center; gap: 4px; font-family: Arial, sans-serif; font-size: 13px;\">\r\n  <span>Cantidad:<\/span>\r\n  <input type=\"number\" value=\"1\" min=\"1\" style=\"width: 3.5rem; height: 2rem; padding: 2px 5px; border: 1px solid #ccc; border-radius: 2px; font-size: 12px;\">\r\n  <button style=\"padding: 2px 2px; font-size: 12px; border: none; background: #808080; color: white; border-radius: 2px; cursor: pointer;\">Comprar<\/button>\r\n<\/div>\t\t\t\t<\/div>\n\t\t\t\t<\/div>\n\t\t\t\t<\/div>\n\t\t<div class=\"elementor-element elementor-element-dcb5335 e-con-full e-flex e-con e-child\" data-id=\"dcb5335\" data-element_type=\"container\">\n\t\t\t\t<div class=\"elementor-element elementor-element-66f3aa8 elementor-widget elementor-widget-text-editor\" data-id=\"66f3aa8\" data-element_type=\"widget\" data-widget_type=\"text-editor.default\">\n\t\t\t\t<div class=\"elementor-widget-container\">\n\t\t\t\t\t\t\t\t\t<p>\u00a1\u00a1\u00a1Una oportunidad hist\u00f3rica de inversi\u00f3n!!!<\/p><p>El CAPITAL TAL CUAL es una maniobra art\u00edstico-econ\u00f3mica con la que el Museo de Arte Extempor\u00e1neo lanza su propia burbuja especulativa. \u00a1Y usted puede participar!. Los Euros MAE son billetes de curso legal firmados y sellados a mano por miembros del MAE.<\/p><p>Su precio de lanzamiento es:<\/p><p>Billete de 5 euros.-\u00a0\u00a0\u00a0\u00a0 7 euros<\/p><p>Billete de 10 euros.- 14 euros<\/p><p>Billete de 20 euros.- 28 euros<\/p><p>Pero \u00a1OJO! el mes que viene subiremos los precios un 20% y as\u00ed cada mes, con lo cual usted obtendr\u00e1 una rentabilidad del 20% mensual \u00a1\u00a1\u00a1UN 240% ANUAL!!!<\/p><p>No se deje timar por gente fea y triste, esos mercados, especuladores, banqueros y dem\u00e1s ralea usuraria. D\u00e9jese timar por gente simp\u00e1tica y bien parecida como nosotros y time a otros vendi\u00e9ndoles nuestros euros un 20, 30, 40 o un 50 por ciento m\u00e1s caros.<\/p><p>Los popes de la econom\u00eda pretenden hacernos creer que esto es complicado, pero en realidad es sencill\u00edsimo si uno no tiene el menor escr\u00fapulo. As\u00ed es \u00a1\u00a1\u00a1EL CAPITAL TAL CUAL!!!<\/p><p>Burbujee usted con nosotros.<\/p>\t\t\t\t\t\t\t\t<\/div>\n\t\t\t\t<\/div>\n\t\t\t\t<\/div>\n\t\t\t\t<\/div>\n\t\t\t\t<\/div>\n\t\t\t\t<\/div>\n\t\t\t\t<\/div>\n\t\t\t\t<\/div>\n\t\t\t\t<\/div>\n\t\t\t\t\t<\/div>\n\t\t\t\t<\/div>\n\t\t<div class=\"elementor-element elementor-element-3a10b24 e-flex e-con-boxed e-con e-parent\" data-id=\"3a10b24\" data-element_type=\"container\">\n\t\t\t\t\t<div class=\"e-con-inner\">\n\t\t\t\t\t<\/div>\n\t\t\t\t<\/div>\n\t\t\t\t<\/div>\n\t\t","protected":false},"excerpt":{"rendered":"<p>tienda* \/ MANIOBRAS \/ DESCARGAS \u00a1ATENCI\u00d3N! Actualmente la tienda no posee ning\u00fan tipo de funcionalidad, por lo que esta secci\u00f3n es \u00fanicamente una recreaci\u00f3n de la tienda original. Disculpen las molestias. &times; 0 art\u00edculos en el carro &lt;&lt; Volver a MANIOBRAS \/ Ficha de producto &lt;&lt; Ir a Escaparate EL CAPITAL TAL CUAL 10: (EL [&hellip;]<\/p>\n","protected":false},"author":1,"featured_media":0,"parent":0,"menu_order":0,"comment_status":"closed","ping_status":"closed","template":"","meta":{"ocean_post_layout":"full-screen","ocean_both_sidebars_style":"","ocean_both_sidebars_content_width":0,"ocean_both_sidebars_sidebars_width":0,"ocean_sidebar":"0","ocean_second_sidebar":"0","ocean_disable_margins":"enable","ocean_add_body_class":"","ocean_shortcode_before_top_bar":"","ocean_shortcode_after_top_bar":"","ocean_shortcode_before_header":"","ocean_shortcode_after_header":"","ocean_has_shortcode":"","ocean_shortcode_after_title":"","ocean_shortcode_before_footer_widgets":"","ocean_shortcode_after_footer_widgets":"","ocean_shortcode_before_footer_bottom":"","ocean_shortcode_after_footer_bottom":"","ocean_display_top_bar":"default","ocean_display_header":"default","ocean_header_style":"","ocean_center_header_left_menu":"0","ocean_custom_header_template":"0","ocean_custom_logo":0,"ocean_custom_retina_logo":0,"ocean_custom_logo_max_width":0,"ocean_custom_logo_tablet_max_width":0,"ocean_custom_logo_mobile_max_width":0,"ocean_custom_logo_max_height":0,"ocean_custom_logo_tablet_max_height":0,"ocean_custom_logo_mobile_max_height":0,"ocean_header_custom_menu":"0","ocean_menu_typo_font_family":"0","ocean_menu_typo_font_subset":"","ocean_menu_typo_font_size":0,"ocean_menu_typo_font_size_tablet":0,"ocean_menu_typo_font_size_mobile":0,"ocean_menu_typo_font_size_unit":"px","ocean_menu_typo_font_weight":"","ocean_menu_typo_font_weight_tablet":"","ocean_menu_typo_font_weight_mobile":"","ocean_menu_typo_transform":"","ocean_menu_typo_transform_tablet":"","ocean_menu_typo_transform_mobile":"","ocean_menu_typo_line_height":0,"ocean_menu_typo_line_height_tablet":0,"ocean_menu_typo_line_height_mobile":0,"ocean_menu_typo_line_height_unit":"","ocean_menu_typo_spacing":0,"ocean_menu_typo_spacing_tablet":0,"ocean_menu_typo_spacing_mobile":0,"ocean_menu_typo_spacing_unit":"","ocean_menu_link_color":"","ocean_menu_link_color_hover":"","ocean_menu_link_color_active":"","ocean_menu_link_background":"","ocean_menu_link_hover_background":"","ocean_menu_link_active_background":"","ocean_menu_social_links_bg":"","ocean_menu_social_hover_links_bg":"","ocean_menu_social_links_color":"","ocean_menu_social_hover_links_color":"","ocean_disable_title":"on","ocean_disable_heading":"default","ocean_post_title":"","ocean_post_subheading":"","ocean_post_title_style":"","ocean_post_title_background_color":"","ocean_post_title_background":0,"ocean_post_title_bg_image_position":"","ocean_post_title_bg_image_attachment":"","ocean_post_title_bg_image_repeat":"","ocean_post_title_bg_image_size":"","ocean_post_title_height":0,"ocean_post_title_bg_overlay":0.5,"ocean_post_title_bg_overlay_color":"","ocean_disable_breadcrumbs":"default","ocean_breadcrumbs_color":"","ocean_breadcrumbs_separator_color":"","ocean_breadcrumbs_links_color":"","ocean_breadcrumbs_links_hover_color":"","ocean_display_footer_widgets":"default","ocean_display_footer_bottom":"default","ocean_custom_footer_template":"0","footnotes":""},"class_list":["post-3824","page","type-page","status-publish","hentry","entry"],"_links":{"self":[{"href":"https:\/\/mae.fabricomiweb.com\/index.php\/wp-json\/wp\/v2\/pages\/3824","targetHints":{"allow":["GET"]}}],"collection":[{"href":"https:\/\/mae.fabricomiweb.com\/index.php\/wp-json\/wp\/v2\/pages"}],"about":[{"href":"https:\/\/mae.fabricomiweb.com\/index.php\/wp-json\/wp\/v2\/types\/page"}],"author":[{"embeddable":true,"href":"https:\/\/mae.fabricomiweb.com\/index.php\/wp-json\/wp\/v2\/users\/1"}],"replies":[{"embeddable":true,"href":"https:\/\/mae.fabricomiweb.com\/index.php\/wp-json\/wp\/v2\/comments?post=3824"}],"version-history":[{"count":20,"href":"https:\/\/mae.fabricomiweb.com\/index.php\/wp-json\/wp\/v2\/pages\/3824\/revisions"}],"predecessor-version":[{"id":4444,"href":"https:\/\/mae.fabricomiweb.com\/index.php\/wp-json\/wp\/v2\/pages\/3824\/revisions\/4444"}],"wp:attachment":[{"href":"https:\/\/mae.fabricomiweb.com\/index.php\/wp-json\/wp\/v2\/media?parent=3824"}],"curies":[{"name":"wp","href":"https:\/\/api.w.org\/{rel}","templated":true}]}}